{"id":1648,"date":"2023-06-11T08:13:50","date_gmt":"2023-06-11T06:13:50","guid":{"rendered":"https:\/\/latelierdesgourmets.fr\/?post_type=product&#038;p=1648"},"modified":"2023-11-23T16:04:15","modified_gmt":"2023-11-23T15:04:15","slug":"carnibox","status":"publish","type":"product","link":"https:\/\/latelierdesgourmets.fr\/?product=carnibox","title":{"rendered":"Box&#8217; B\u0153uf"},"content":{"rendered":"<h2>La\u00a0Box <span style=\"color: #ff0000;\">B\u0153uf<\/span> Rouge Limousine !<\/h2>\n<hr \/>\n<p><span style=\"color: #ff0000;\">Cette Box comprend 5 viandes diff\u00e9rentes de b\u0153uf, aussi bien \u00e0 griller qu&#8217;\u00e0 mijoter !\u00a0<\/span><\/p>\n<p>Existe en 3 tailles diff\u00e9rentes S, M, et XL.<\/p>\n<p>Les boxs sont compos\u00e9s de :<\/p>\n<ul>\n<li><strong>Bourguignon Extra<\/strong><\/li>\n<li><strong>Rosbif<\/strong><\/li>\n<li><strong>Steak du Boucher<\/strong><\/li>\n<li><strong>Pav\u00e9s Marin\u00e9s<br \/>\n<\/strong><\/li>\n<li><strong>Alouettes Proven\u00e7ale<\/strong><\/li>\n<\/ul>\n<p>Tous nos produits sont conditionn\u00e9s sous vide, permettant une meilleur conservation des produits et une DLC bien plus importante.<\/p>\n<p>Car nos pr\u00e9parations au gramme pr\u00e9s \u00e9tant compliqu\u00e9, le poids pouvant varier de -50gr \u00e0 +50gr. Vous serez par contre factur\u00e9 en fonction du poids exact des produits.<\/p>\n<hr \/>\n<p><img decoding=\"async\" class=\"alignnone wp-image-4597 size-medium\" src=\"http:\/\/latelierdesgourmets.fr\/wp-content\/uploads\/2023\/06\/Design-sans-titre-1-e1700751157156-300x132.png\" alt=\"\" width=\"300\" height=\"132\" srcset=\"https:\/\/latelierdesgourmets.fr\/wp-content\/uploads\/2023\/06\/Design-sans-titre-1-e1700751157156-300x132.png 300w, https:\/\/latelierdesgourmets.fr\/wp-content\/uploads\/2023\/06\/Design-sans-titre-1-e1700751157156-768x338.png 768w, https:\/\/latelierdesgourmets.fr\/wp-content\/uploads\/2023\/06\/Design-sans-titre-1-e1700751157156-500x220.png 500w, https:\/\/latelierdesgourmets.fr\/wp-content\/uploads\/2023\/06\/Design-sans-titre-1-e1700751157156.png 1000w\" sizes=\"(max-width: 300px) 100vw, 300px\" \/><\/p>\n<hr \/>\n<p>&nbsp;<\/p>\n","protected":false},"excerpt":{"rendered":"<p><strong>Disponible en <span style=\"color: #ff0000;\">S<\/span> | <span style=\"color: #ff0000;\">M<\/span> | <span style=\"color: #ff0000;\">XL<\/span><\/strong><\/p>\n<p><strong><span style=\"color: #ff0000;\">S<\/span> | 21,50\u20ac\/kg<\/strong><\/p>\n<p><strong><span style=\"color: #ff0000;\">M<\/span> | 20,50\u20ac\/kg<\/strong><\/p>\n<p><strong><span style=\"color: #ff0000;\">XL<\/span> | 19,50\u20ac\/kg<\/strong><\/p>\n<p><strong>Choisissez la taille de votre <span style=\"color: #ff0000;\">Box<\/span> \u2193<\/strong><\/p>\n","protected":false},"featured_media":2354,"comment_status":"open","ping_status":"closed","template":"","meta":{"_kadence_starter_templates_imported_post":false,"_kad_post_transparent":"default","_kad_post_title":"","_kad_post_layout":"default","_kad_post_sidebar_id":"","_kad_post_content_style":"default","_kad_post_vertical_padding":"default","_kad_post_feature":"","_kad_post_feature_position":"","_kad_post_header":false,"_kad_post_footer":false},"product_cat":[25,35],"product_tag":[],"yoast_head":"<!-- This site is optimized with the Yoast SEO plugin v22.8 - https:\/\/yoast.com\/wordpress\/plugins\/seo\/ -->\n<title>Box&#039; B\u0153uf -<\/title>\n<meta name=\"robots\" content=\"index, follow, max-snippet:-1, max-image-preview:large, max-video-preview:-1\" \/>\n<link rel=\"canonical\" href=\"https:\/\/latelierdesgourmets.fr\/?product=carnibox\" \/>\n<meta property=\"og:locale\" content=\"fr_FR\" \/>\n<meta property=\"og:type\" content=\"article\" \/>\n<meta property=\"og:title\" content=\"Box&#039; B\u0153uf -\" \/>\n<meta property=\"og:description\" content=\"Disponible en S | M | XL  S | 21,50\u20ac\/kg  M | 20,50\u20ac\/kg  XL | 19,50\u20ac\/kg  Choisissez la taille de votre Box \u2193\" \/>\n<meta property=\"og:url\" content=\"https:\/\/latelierdesgourmets.fr\/?product=carnibox\" \/>\n<meta property=\"article:publisher\" content=\"https:\/\/www.facebook.com\/profile.php?id=100090815065027\" \/>\n<meta property=\"article:modified_time\" content=\"2023-11-23T15:04:15+00:00\" \/>\n<meta property=\"og:image\" content=\"https:\/\/latelierdesgourmets.fr\/wp-content\/uploads\/2023\/06\/Design-sans-titre-5-1-1024x1024.png\" \/>\n\t<meta property=\"og:image:width\" content=\"1024\" \/>\n\t<meta property=\"og:image:height\" content=\"1024\" \/>\n\t<meta property=\"og:image:type\" content=\"image\/png\" \/>\n<meta name=\"twitter:card\" content=\"summary_large_image\" \/>\n<script type=\"application\/ld+json\" class=\"yoast-schema-graph\">{\"@context\":\"https:\/\/schema.org\",\"@graph\":[{\"@type\":\"WebPage\",\"@id\":\"https:\/\/latelierdesgourmets.fr\/?product=carnibox\",\"url\":\"https:\/\/latelierdesgourmets.fr\/?product=carnibox\",\"name\":\"Box' B\u0153uf -\",\"isPartOf\":{\"@id\":\"https:\/\/latelierdesgourmets.fr\/#website\"},\"primaryImageOfPage\":{\"@id\":\"https:\/\/latelierdesgourmets.fr\/?product=carnibox#primaryimage\"},\"image\":{\"@id\":\"https:\/\/latelierdesgourmets.fr\/?product=carnibox#primaryimage\"},\"thumbnailUrl\":\"https:\/\/latelierdesgourmets.fr\/wp-content\/uploads\/2023\/06\/Design-sans-titre-5-1.png\",\"datePublished\":\"2023-06-11T06:13:50+00:00\",\"dateModified\":\"2023-11-23T15:04:15+00:00\",\"breadcrumb\":{\"@id\":\"https:\/\/latelierdesgourmets.fr\/?product=carnibox#breadcrumb\"},\"inLanguage\":\"fr-FR\",\"potentialAction\":[{\"@type\":\"ReadAction\",\"target\":[\"https:\/\/latelierdesgourmets.fr\/?product=carnibox\"]}]},{\"@type\":\"ImageObject\",\"inLanguage\":\"fr-FR\",\"@id\":\"https:\/\/latelierdesgourmets.fr\/?product=carnibox#primaryimage\",\"url\":\"https:\/\/latelierdesgourmets.fr\/wp-content\/uploads\/2023\/06\/Design-sans-titre-5-1.png\",\"contentUrl\":\"https:\/\/latelierdesgourmets.fr\/wp-content\/uploads\/2023\/06\/Design-sans-titre-5-1.png\",\"width\":3375,\"height\":3375,\"caption\":\"-10% sur l'ensemble de nos box Du 15-09-2023 au 15-10-2023\"},{\"@type\":\"BreadcrumbList\",\"@id\":\"https:\/\/latelierdesgourmets.fr\/?product=carnibox#breadcrumb\",\"itemListElement\":[{\"@type\":\"ListItem\",\"position\":1,\"name\":\"Accueil\",\"item\":\"https:\/\/latelierdesgourmets.fr\/\"},{\"@type\":\"ListItem\",\"position\":2,\"name\":\"Boutique\",\"item\":\"https:\/\/latelierdesgourmets.fr\/?page_id=958\"},{\"@type\":\"ListItem\",\"position\":3,\"name\":\"Box&#8217; B\u0153uf\"}]},{\"@type\":\"WebSite\",\"@id\":\"https:\/\/latelierdesgourmets.fr\/#website\",\"url\":\"https:\/\/latelierdesgourmets.fr\/\",\"name\":\"L'atelier des gourmets\",\"description\":\"\",\"publisher\":{\"@id\":\"https:\/\/latelierdesgourmets.fr\/#organization\"},\"potentialAction\":[{\"@type\":\"SearchAction\",\"target\":{\"@type\":\"EntryPoint\",\"urlTemplate\":\"https:\/\/latelierdesgourmets.fr\/?s={search_term_string}\"},\"query-input\":\"required name=search_term_string\"}],\"inLanguage\":\"fr-FR\"},{\"@type\":\"Organization\",\"@id\":\"https:\/\/latelierdesgourmets.fr\/#organization\",\"name\":\"l'atelier des gourmets\",\"url\":\"https:\/\/latelierdesgourmets.fr\/\",\"logo\":{\"@type\":\"ImageObject\",\"inLanguage\":\"fr-FR\",\"@id\":\"https:\/\/latelierdesgourmets.fr\/#\/schema\/logo\/image\/\",\"url\":\"https:\/\/latelierdesgourmets.fr\/wp-content\/uploads\/2025\/04\/cropped-5.png\",\"contentUrl\":\"https:\/\/latelierdesgourmets.fr\/wp-content\/uploads\/2025\/04\/cropped-5.png\",\"width\":1250,\"height\":293,\"caption\":\"l'atelier des gourmets\"},\"image\":{\"@id\":\"https:\/\/latelierdesgourmets.fr\/#\/schema\/logo\/image\/\"},\"sameAs\":[\"https:\/\/www.facebook.com\/profile.php?id=100090815065027\"]}]}<\/script>\n<!-- \/ Yoast SEO plugin. -->","yoast_head_json":{"title":"Box' B\u0153uf -","robots":{"index":"index","follow":"follow","max-snippet":"max-snippet:-1","max-image-preview":"max-image-preview:large","max-video-preview":"max-video-preview:-1"},"canonical":"https:\/\/latelierdesgourmets.fr\/?product=carnibox","og_locale":"fr_FR","og_type":"article","og_title":"Box' B\u0153uf -","og_description":"Disponible en S | M | XL  S | 21,50\u20ac\/kg  M | 20,50\u20ac\/kg  XL | 19,50\u20ac\/kg  Choisissez la taille de votre Box \u2193","og_url":"https:\/\/latelierdesgourmets.fr\/?product=carnibox","article_publisher":"https:\/\/www.facebook.com\/profile.php?id=100090815065027","article_modified_time":"2023-11-23T15:04:15+00:00","og_image":[{"width":1024,"height":1024,"url":"https:\/\/latelierdesgourmets.fr\/wp-content\/uploads\/2023\/06\/Design-sans-titre-5-1-1024x1024.png","type":"image\/png"}],"twitter_card":"summary_large_image","schema":{"@context":"https:\/\/schema.org","@graph":[{"@type":"WebPage","@id":"https:\/\/latelierdesgourmets.fr\/?product=carnibox","url":"https:\/\/latelierdesgourmets.fr\/?product=carnibox","name":"Box' B\u0153uf -","isPartOf":{"@id":"https:\/\/latelierdesgourmets.fr\/#website"},"primaryImageOfPage":{"@id":"https:\/\/latelierdesgourmets.fr\/?product=carnibox#primaryimage"},"image":{"@id":"https:\/\/latelierdesgourmets.fr\/?product=carnibox#primaryimage"},"thumbnailUrl":"https:\/\/latelierdesgourmets.fr\/wp-content\/uploads\/2023\/06\/Design-sans-titre-5-1.png","datePublished":"2023-06-11T06:13:50+00:00","dateModified":"2023-11-23T15:04:15+00:00","breadcrumb":{"@id":"https:\/\/latelierdesgourmets.fr\/?product=carnibox#breadcrumb"},"inLanguage":"fr-FR","potentialAction":[{"@type":"ReadAction","target":["https:\/\/latelierdesgourmets.fr\/?product=carnibox"]}]},{"@type":"ImageObject","inLanguage":"fr-FR","@id":"https:\/\/latelierdesgourmets.fr\/?product=carnibox#primaryimage","url":"https:\/\/latelierdesgourmets.fr\/wp-content\/uploads\/2023\/06\/Design-sans-titre-5-1.png","contentUrl":"https:\/\/latelierdesgourmets.fr\/wp-content\/uploads\/2023\/06\/Design-sans-titre-5-1.png","width":3375,"height":3375,"caption":"-10% sur l'ensemble de nos box Du 15-09-2023 au 15-10-2023"},{"@type":"BreadcrumbList","@id":"https:\/\/latelierdesgourmets.fr\/?product=carnibox#breadcrumb","itemListElement":[{"@type":"ListItem","position":1,"name":"Accueil","item":"https:\/\/latelierdesgourmets.fr\/"},{"@type":"ListItem","position":2,"name":"Boutique","item":"https:\/\/latelierdesgourmets.fr\/?page_id=958"},{"@type":"ListItem","position":3,"name":"Box&#8217; B\u0153uf"}]},{"@type":"WebSite","@id":"https:\/\/latelierdesgourmets.fr\/#website","url":"https:\/\/latelierdesgourmets.fr\/","name":"L'atelier des gourmets","description":"","publisher":{"@id":"https:\/\/latelierdesgourmets.fr\/#organization"},"potentialAction":[{"@type":"SearchAction","target":{"@type":"EntryPoint","urlTemplate":"https:\/\/latelierdesgourmets.fr\/?s={search_term_string}"},"query-input":"required name=search_term_string"}],"inLanguage":"fr-FR"},{"@type":"Organization","@id":"https:\/\/latelierdesgourmets.fr\/#organization","name":"l'atelier des gourmets","url":"https:\/\/latelierdesgourmets.fr\/","logo":{"@type":"ImageObject","inLanguage":"fr-FR","@id":"https:\/\/latelierdesgourmets.fr\/#\/schema\/logo\/image\/","url":"https:\/\/latelierdesgourmets.fr\/wp-content\/uploads\/2025\/04\/cropped-5.png","contentUrl":"https:\/\/latelierdesgourmets.fr\/wp-content\/uploads\/2025\/04\/cropped-5.png","width":1250,"height":293,"caption":"l'atelier des gourmets"},"image":{"@id":"https:\/\/latelierdesgourmets.fr\/#\/schema\/logo\/image\/"},"sameAs":["https:\/\/www.facebook.com\/profile.php?id=100090815065027"]}]}},"blog_post_layout_featured_media_urls":{"thumbnail":["https:\/\/latelierdesgourmets.fr\/wp-content\/uploads\/2023\/06\/Design-sans-titre-5-1-150x150.png",150,150,true],"full":["https:\/\/latelierdesgourmets.fr\/wp-content\/uploads\/2023\/06\/Design-sans-titre-5-1.png",3375,3375,false]},"categories":["5"],"categories_names":{"5":{"name":"variable","link":"https:\/\/latelierdesgourmets.fr\/?taxonomy=product_type&term=variable"}},"comments_number":"0","_links":{"self":[{"href":"https:\/\/latelierdesgourmets.fr\/index.php?rest_route=\/wp\/v2\/product\/1648"}],"collection":[{"href":"https:\/\/latelierdesgourmets.fr\/index.php?rest_route=\/wp\/v2\/product"}],"about":[{"href":"https:\/\/latelierdesgourmets.fr\/index.php?rest_route=\/wp\/v2\/types\/product"}],"replies":[{"embeddable":true,"href":"https:\/\/latelierdesgourmets.fr\/index.php?rest_route=%2Fwp%2Fv2%2Fcomments&post=1648"}],"version-history":[{"count":6,"href":"https:\/\/latelierdesgourmets.fr\/index.php?rest_route=\/wp\/v2\/product\/1648\/revisions"}],"predecessor-version":[{"id":4609,"href":"https:\/\/latelierdesgourmets.fr\/index.php?rest_route=\/wp\/v2\/product\/1648\/revisions\/4609"}],"wp:featuredmedia":[{"embeddable":true,"href":"https:\/\/latelierdesgourmets.fr\/index.php?rest_route=\/wp\/v2\/media\/2354"}],"wp:attachment":[{"href":"https:\/\/latelierdesgourmets.fr\/index.php?rest_route=%2Fwp%2Fv2%2Fmedia&parent=1648"}],"wp:term":[{"taxonomy":"product_cat","embeddable":true,"href":"https:\/\/latelierdesgourmets.fr\/index.php?rest_route=%2Fwp%2Fv2%2Fproduct_cat&post=1648"},{"taxonomy":"product_tag","embeddable":true,"href":"https:\/\/latelierdesgourmets.fr\/index.php?rest_route=%2Fwp%2Fv2%2Fproduct_tag&post=1648"}],"curies":[{"name":"wp","href":"https:\/\/api.w.org\/{rel}","templated":true}]}}