{"id":1999,"date":"2023-06-24T09:40:10","date_gmt":"2023-06-24T07:40:10","guid":{"rendered":"https:\/\/latelierdesgourmets.fr\/?post_type=product&#038;p=1999"},"modified":"2023-11-23T16:03:54","modified_gmt":"2023-11-23T15:03:54","slug":"alouettes-provencales","status":"publish","type":"product","link":"https:\/\/latelierdesgourmets.fr\/?product=alouettes-provencales","title":{"rendered":"Alouettes Proven\u00e7ales"},"content":{"rendered":"","protected":false},"excerpt":{"rendered":"<h4><\/h4>\n<h4><span style=\"color: #ff0000;\"><strong>21,95\u20ac\/kg<\/strong><\/span><\/h4>\n<p>Nos v\u00e9ritables Alouettes Proven\u00e7ales d&#8217;environ 80gr pi\u00e8ce, conditionn\u00e9es par 4 soit 320g ou par 8 soit 640gr.<\/p>\n<hr \/>\n<ul>\n<li><b>B\u0153uf <span style=\"color: #ff0000;\">H<\/span>.<span style=\"color: #ff0000;\">V<\/span>.<span style=\"color: #ff0000;\">N<\/span> ( <span style=\"color: #ff0000;\">H<\/span>aute <span style=\"color: #ff0000;\">V<\/span>aleur <span style=\"color: #ff0000;\">N<\/span>aturelle )<\/b><\/li>\n<li><strong>Bien-\u00eatre Animal<\/strong><\/li>\n<li><strong>Origine : France<\/strong><\/li>\n<li><strong>Cat\u00e9gorie de viande : B\u0153uf<\/strong><\/li>\n<li><strong>Type de cuisson : A mijoter<\/strong><\/li>\n<li><strong>Pi\u00e8ce de : 80gr<\/strong><\/li>\n<li><strong>Conditionnement : Sous-vide par 4 | Sous-vide par 8<br \/>\n<\/strong><\/li>\n<\/ul>\n<p>Car nos pr\u00e9parations au gramme pr\u00e9s \u00e9tant compliqu\u00e9, le poids pouvant varier de -10gr \u00e0 +10gr. Vous serez par contre factur\u00e9 en fonction du poids exact des produits.<\/p>\n<hr \/>\n<p><img decoding=\"async\" class=\"alignnone wp-image-4597 size-medium\" src=\"http:\/\/latelierdesgourmets.fr\/wp-content\/uploads\/2023\/06\/Design-sans-titre-1-e1700751157156-300x132.png\" alt=\"\" width=\"300\" height=\"132\" srcset=\"https:\/\/latelierdesgourmets.fr\/wp-content\/uploads\/2023\/06\/Design-sans-titre-1-e1700751157156-300x132.png 300w, https:\/\/latelierdesgourmets.fr\/wp-content\/uploads\/2023\/06\/Design-sans-titre-1-e1700751157156-768x338.png 768w, https:\/\/latelierdesgourmets.fr\/wp-content\/uploads\/2023\/06\/Design-sans-titre-1-e1700751157156-500x220.png 500w, https:\/\/latelierdesgourmets.fr\/wp-content\/uploads\/2023\/06\/Design-sans-titre-1-e1700751157156.png 1000w\" sizes=\"(max-width: 300px) 100vw, 300px\" \/><\/p>\n","protected":false},"featured_media":3990,"comment_status":"open","ping_status":"closed","template":"","meta":{"_kadence_starter_templates_imported_post":false,"_kad_post_transparent":"default","_kad_post_title":"","_kad_post_layout":"default","_kad_post_sidebar_id":"","_kad_post_content_style":"default","_kad_post_vertical_padding":"default","_kad_post_feature":"","_kad_post_feature_position":"","_kad_post_header":false,"_kad_post_footer":false},"product_cat":[25,30],"product_tag":[],"yoast_head":"<!-- This site is optimized with the Yoast SEO plugin v22.8 - https:\/\/yoast.com\/wordpress\/plugins\/seo\/ -->\n<title>Alouettes Proven\u00e7ales -<\/title>\n<meta name=\"robots\" content=\"index, follow, max-snippet:-1, max-image-preview:large, max-video-preview:-1\" \/>\n<link rel=\"canonical\" href=\"https:\/\/latelierdesgourmets.fr\/?product=alouettes-provencales\" \/>\n<meta property=\"og:locale\" content=\"fr_FR\" \/>\n<meta property=\"og:type\" content=\"article\" \/>\n<meta property=\"og:title\" content=\"Alouettes Proven\u00e7ales -\" \/>\n<meta property=\"og:description\" content=\"21,95\u20ac\/kg Nos v\u00e9ritables Alouettes Proven\u00e7ales d&#039;environ 80gr pi\u00e8ce, conditionn\u00e9es par 4 soit 320g ou par 8 soit 640gr.      B\u0153uf H.V.N ( Haute Valeur Naturelle )  Bien-\u00eatre Animal  Origine : France  Cat\u00e9gorie de viande : B\u0153uf  Type de cuisson : A mijoter  Pi\u00e8ce de : 80gr  Conditionnement : Sous-vide par 4 | Sous-vide par 8   Car nos pr\u00e9parations au gramme pr\u00e9s \u00e9tant compliqu\u00e9, le poids pouvant varier de -10gr \u00e0 +10gr. Vous serez par contre factur\u00e9 en fonction du poids exact des produits.\" \/>\n<meta property=\"og:url\" content=\"https:\/\/latelierdesgourmets.fr\/?product=alouettes-provencales\" \/>\n<meta property=\"article:publisher\" content=\"https:\/\/www.facebook.com\/profile.php?id=100090815065027\" \/>\n<meta property=\"article:modified_time\" content=\"2023-11-23T15:03:54+00:00\" \/>\n<meta property=\"og:image\" content=\"https:\/\/latelierdesgourmets.fr\/wp-content\/uploads\/2023\/06\/DSC_8529.jpg\" \/>\n\t<meta property=\"og:image:width\" content=\"2048\" \/>\n\t<meta property=\"og:image:height\" content=\"1365\" \/>\n\t<meta property=\"og:image:type\" content=\"image\/jpeg\" \/>\n<meta name=\"twitter:card\" content=\"summary_large_image\" \/>\n<script type=\"application\/ld+json\" class=\"yoast-schema-graph\">{\"@context\":\"https:\/\/schema.org\",\"@graph\":[{\"@type\":\"WebPage\",\"@id\":\"https:\/\/latelierdesgourmets.fr\/?product=alouettes-provencales\",\"url\":\"https:\/\/latelierdesgourmets.fr\/?product=alouettes-provencales\",\"name\":\"Alouettes Proven\u00e7ales -\",\"isPartOf\":{\"@id\":\"https:\/\/latelierdesgourmets.fr\/#website\"},\"primaryImageOfPage\":{\"@id\":\"https:\/\/latelierdesgourmets.fr\/?product=alouettes-provencales#primaryimage\"},\"image\":{\"@id\":\"https:\/\/latelierdesgourmets.fr\/?product=alouettes-provencales#primaryimage\"},\"thumbnailUrl\":\"https:\/\/latelierdesgourmets.fr\/wp-content\/uploads\/2023\/06\/DSC_8529.jpg\",\"datePublished\":\"2023-06-24T07:40:10+00:00\",\"dateModified\":\"2023-11-23T15:03:54+00:00\",\"breadcrumb\":{\"@id\":\"https:\/\/latelierdesgourmets.fr\/?product=alouettes-provencales#breadcrumb\"},\"inLanguage\":\"fr-FR\",\"potentialAction\":[{\"@type\":\"ReadAction\",\"target\":[\"https:\/\/latelierdesgourmets.fr\/?product=alouettes-provencales\"]}]},{\"@type\":\"ImageObject\",\"inLanguage\":\"fr-FR\",\"@id\":\"https:\/\/latelierdesgourmets.fr\/?product=alouettes-provencales#primaryimage\",\"url\":\"https:\/\/latelierdesgourmets.fr\/wp-content\/uploads\/2023\/06\/DSC_8529.jpg\",\"contentUrl\":\"https:\/\/latelierdesgourmets.fr\/wp-content\/uploads\/2023\/06\/DSC_8529.jpg\",\"width\":2048,\"height\":1365},{\"@type\":\"BreadcrumbList\",\"@id\":\"https:\/\/latelierdesgourmets.fr\/?product=alouettes-provencales#breadcrumb\",\"itemListElement\":[{\"@type\":\"ListItem\",\"position\":1,\"name\":\"Accueil\",\"item\":\"https:\/\/latelierdesgourmets.fr\/\"},{\"@type\":\"ListItem\",\"position\":2,\"name\":\"Boutique\",\"item\":\"https:\/\/latelierdesgourmets.fr\/?page_id=958\"},{\"@type\":\"ListItem\",\"position\":3,\"name\":\"Alouettes Proven\u00e7ales\"}]},{\"@type\":\"WebSite\",\"@id\":\"https:\/\/latelierdesgourmets.fr\/#website\",\"url\":\"https:\/\/latelierdesgourmets.fr\/\",\"name\":\"L'atelier des gourmets\",\"description\":\"\",\"publisher\":{\"@id\":\"https:\/\/latelierdesgourmets.fr\/#organization\"},\"potentialAction\":[{\"@type\":\"SearchAction\",\"target\":{\"@type\":\"EntryPoint\",\"urlTemplate\":\"https:\/\/latelierdesgourmets.fr\/?s={search_term_string}\"},\"query-input\":\"required name=search_term_string\"}],\"inLanguage\":\"fr-FR\"},{\"@type\":\"Organization\",\"@id\":\"https:\/\/latelierdesgourmets.fr\/#organization\",\"name\":\"l'atelier des gourmets\",\"url\":\"https:\/\/latelierdesgourmets.fr\/\",\"logo\":{\"@type\":\"ImageObject\",\"inLanguage\":\"fr-FR\",\"@id\":\"https:\/\/latelierdesgourmets.fr\/#\/schema\/logo\/image\/\",\"url\":\"https:\/\/latelierdesgourmets.fr\/wp-content\/uploads\/2025\/04\/cropped-5.png\",\"contentUrl\":\"https:\/\/latelierdesgourmets.fr\/wp-content\/uploads\/2025\/04\/cropped-5.png\",\"width\":1250,\"height\":293,\"caption\":\"l'atelier des gourmets\"},\"image\":{\"@id\":\"https:\/\/latelierdesgourmets.fr\/#\/schema\/logo\/image\/\"},\"sameAs\":[\"https:\/\/www.facebook.com\/profile.php?id=100090815065027\"]}]}<\/script>\n<!-- \/ Yoast SEO plugin. -->","yoast_head_json":{"title":"Alouettes Proven\u00e7ales -","robots":{"index":"index","follow":"follow","max-snippet":"max-snippet:-1","max-image-preview":"max-image-preview:large","max-video-preview":"max-video-preview:-1"},"canonical":"https:\/\/latelierdesgourmets.fr\/?product=alouettes-provencales","og_locale":"fr_FR","og_type":"article","og_title":"Alouettes Proven\u00e7ales -","og_description":"21,95\u20ac\/kg Nos v\u00e9ritables Alouettes Proven\u00e7ales d'environ 80gr pi\u00e8ce, conditionn\u00e9es par 4 soit 320g ou par 8 soit 640gr.      B\u0153uf H.V.N ( Haute Valeur Naturelle )  Bien-\u00eatre Animal  Origine : France  Cat\u00e9gorie de viande : B\u0153uf  Type de cuisson : A mijoter  Pi\u00e8ce de : 80gr  Conditionnement : Sous-vide par 4 | Sous-vide par 8   Car nos pr\u00e9parations au gramme pr\u00e9s \u00e9tant compliqu\u00e9, le poids pouvant varier de -10gr \u00e0 +10gr. Vous serez par contre factur\u00e9 en fonction du poids exact des produits.","og_url":"https:\/\/latelierdesgourmets.fr\/?product=alouettes-provencales","article_publisher":"https:\/\/www.facebook.com\/profile.php?id=100090815065027","article_modified_time":"2023-11-23T15:03:54+00:00","og_image":[{"width":2048,"height":1365,"url":"https:\/\/latelierdesgourmets.fr\/wp-content\/uploads\/2023\/06\/DSC_8529.jpg","type":"image\/jpeg"}],"twitter_card":"summary_large_image","schema":{"@context":"https:\/\/schema.org","@graph":[{"@type":"WebPage","@id":"https:\/\/latelierdesgourmets.fr\/?product=alouettes-provencales","url":"https:\/\/latelierdesgourmets.fr\/?product=alouettes-provencales","name":"Alouettes Proven\u00e7ales -","isPartOf":{"@id":"https:\/\/latelierdesgourmets.fr\/#website"},"primaryImageOfPage":{"@id":"https:\/\/latelierdesgourmets.fr\/?product=alouettes-provencales#primaryimage"},"image":{"@id":"https:\/\/latelierdesgourmets.fr\/?product=alouettes-provencales#primaryimage"},"thumbnailUrl":"https:\/\/latelierdesgourmets.fr\/wp-content\/uploads\/2023\/06\/DSC_8529.jpg","datePublished":"2023-06-24T07:40:10+00:00","dateModified":"2023-11-23T15:03:54+00:00","breadcrumb":{"@id":"https:\/\/latelierdesgourmets.fr\/?product=alouettes-provencales#breadcrumb"},"inLanguage":"fr-FR","potentialAction":[{"@type":"ReadAction","target":["https:\/\/latelierdesgourmets.fr\/?product=alouettes-provencales"]}]},{"@type":"ImageObject","inLanguage":"fr-FR","@id":"https:\/\/latelierdesgourmets.fr\/?product=alouettes-provencales#primaryimage","url":"https:\/\/latelierdesgourmets.fr\/wp-content\/uploads\/2023\/06\/DSC_8529.jpg","contentUrl":"https:\/\/latelierdesgourmets.fr\/wp-content\/uploads\/2023\/06\/DSC_8529.jpg","width":2048,"height":1365},{"@type":"BreadcrumbList","@id":"https:\/\/latelierdesgourmets.fr\/?product=alouettes-provencales#breadcrumb","itemListElement":[{"@type":"ListItem","position":1,"name":"Accueil","item":"https:\/\/latelierdesgourmets.fr\/"},{"@type":"ListItem","position":2,"name":"Boutique","item":"https:\/\/latelierdesgourmets.fr\/?page_id=958"},{"@type":"ListItem","position":3,"name":"Alouettes Proven\u00e7ales"}]},{"@type":"WebSite","@id":"https:\/\/latelierdesgourmets.fr\/#website","url":"https:\/\/latelierdesgourmets.fr\/","name":"L'atelier des gourmets","description":"","publisher":{"@id":"https:\/\/latelierdesgourmets.fr\/#organization"},"potentialAction":[{"@type":"SearchAction","target":{"@type":"EntryPoint","urlTemplate":"https:\/\/latelierdesgourmets.fr\/?s={search_term_string}"},"query-input":"required name=search_term_string"}],"inLanguage":"fr-FR"},{"@type":"Organization","@id":"https:\/\/latelierdesgourmets.fr\/#organization","name":"l'atelier des gourmets","url":"https:\/\/latelierdesgourmets.fr\/","logo":{"@type":"ImageObject","inLanguage":"fr-FR","@id":"https:\/\/latelierdesgourmets.fr\/#\/schema\/logo\/image\/","url":"https:\/\/latelierdesgourmets.fr\/wp-content\/uploads\/2025\/04\/cropped-5.png","contentUrl":"https:\/\/latelierdesgourmets.fr\/wp-content\/uploads\/2025\/04\/cropped-5.png","width":1250,"height":293,"caption":"l'atelier des gourmets"},"image":{"@id":"https:\/\/latelierdesgourmets.fr\/#\/schema\/logo\/image\/"},"sameAs":["https:\/\/www.facebook.com\/profile.php?id=100090815065027"]}]}},"blog_post_layout_featured_media_urls":{"thumbnail":["https:\/\/latelierdesgourmets.fr\/wp-content\/uploads\/2023\/06\/DSC_8529-150x150.jpg",150,150,true],"full":["https:\/\/latelierdesgourmets.fr\/wp-content\/uploads\/2023\/06\/DSC_8529.jpg",2048,1365,false]},"categories":["5"],"categories_names":{"5":{"name":"variable","link":"https:\/\/latelierdesgourmets.fr\/?taxonomy=product_type&term=variable"}},"comments_number":"0","_links":{"self":[{"href":"https:\/\/latelierdesgourmets.fr\/index.php?rest_route=\/wp\/v2\/product\/1999"}],"collection":[{"href":"https:\/\/latelierdesgourmets.fr\/index.php?rest_route=\/wp\/v2\/product"}],"about":[{"href":"https:\/\/latelierdesgourmets.fr\/index.php?rest_route=\/wp\/v2\/types\/product"}],"replies":[{"embeddable":true,"href":"https:\/\/latelierdesgourmets.fr\/index.php?rest_route=%2Fwp%2Fv2%2Fcomments&post=1999"}],"version-history":[{"count":5,"href":"https:\/\/latelierdesgourmets.fr\/index.php?rest_route=\/wp\/v2\/product\/1999\/revisions"}],"predecessor-version":[{"id":4608,"href":"https:\/\/latelierdesgourmets.fr\/index.php?rest_route=\/wp\/v2\/product\/1999\/revisions\/4608"}],"wp:featuredmedia":[{"embeddable":true,"href":"https:\/\/latelierdesgourmets.fr\/index.php?rest_route=\/wp\/v2\/media\/3990"}],"wp:attachment":[{"href":"https:\/\/latelierdesgourmets.fr\/index.php?rest_route=%2Fwp%2Fv2%2Fmedia&parent=1999"}],"wp:term":[{"taxonomy":"product_cat","embeddable":true,"href":"https:\/\/latelierdesgourmets.fr\/index.php?rest_route=%2Fwp%2Fv2%2Fproduct_cat&post=1999"},{"taxonomy":"product_tag","embeddable":true,"href":"https:\/\/latelierdesgourmets.fr\/index.php?rest_route=%2Fwp%2Fv2%2Fproduct_tag&post=1999"}],"curies":[{"name":"wp","href":"https:\/\/api.w.org\/{rel}","templated":true}]}}