{"id":2008,"date":"2023-06-24T09:48:50","date_gmt":"2023-06-24T07:48:50","guid":{"rendered":"https:\/\/latelierdesgourmets.fr\/?post_type=product&#038;p=2008"},"modified":"2024-01-22T14:04:31","modified_gmt":"2024-01-22T13:04:31","slug":"rumsteak","status":"publish","type":"product","link":"https:\/\/latelierdesgourmets.fr\/?product=rumsteak","title":{"rendered":"Rumsteak"},"content":{"rendered":"","protected":false},"excerpt":{"rendered":"<h4><\/h4>\n<h4><span style=\"color: #ff0000;\"><strong>30,95\u20ac\/kg<\/strong><\/span><\/h4>\n<p>Rumsteak \u00e0 faire griller d\u2019environ 200gr pi\u00e8ce. Tranche d\u2019environ 200gr pi\u00e8ce, conditionn\u00e9es par 2 soit 400gr ou par 4 soit 800gr.<\/p>\n<hr \/>\n<ul>\n<li><b>B\u0153uf <span style=\"color: #ff0000;\">H<\/span>.<span style=\"color: #ff0000;\">V<\/span>.<span style=\"color: #ff0000;\">N<\/span> ( <span style=\"color: #ff0000;\">H<\/span>aute <span style=\"color: #ff0000;\">V<\/span>aleur <span style=\"color: #ff0000;\">N<\/span>aturelle )<\/b><\/li>\n<li><strong>Bien-\u00eatre Animal<\/strong><\/li>\n<li><strong>Origine : France<\/strong><\/li>\n<li><strong>Cat\u00e9gorie de viande : B\u0153uf<\/strong><\/li>\n<li><strong>Type de cuisson : A griller<\/strong><\/li>\n<li><strong>Pi\u00e8ce de : 0,200gr<\/strong><\/li>\n<li><strong>Conditionnement : Sous-vide par 2 | Sous-vide par 4<br \/>\n<\/strong><\/li>\n<\/ul>\n<p>Car nos pr\u00e9parations au gramme pr\u00e9s \u00e9tant compliqu\u00e9, le poids pouvant varier de -50gr \u00e0 +50gr. Vous serez par contre factur\u00e9 en fonction du poids exact des produits.<\/p>\n<hr \/>\n<p><img decoding=\"async\" class=\"alignnone wp-image-4597 size-medium\" src=\"http:\/\/latelierdesgourmets.fr\/wp-content\/uploads\/2023\/06\/Design-sans-titre-1-e1700751157156-300x132.png\" alt=\"\" width=\"300\" height=\"132\" srcset=\"https:\/\/latelierdesgourmets.fr\/wp-content\/uploads\/2023\/06\/Design-sans-titre-1-e1700751157156-300x132.png 300w, https:\/\/latelierdesgourmets.fr\/wp-content\/uploads\/2023\/06\/Design-sans-titre-1-e1700751157156-768x338.png 768w, https:\/\/latelierdesgourmets.fr\/wp-content\/uploads\/2023\/06\/Design-sans-titre-1-e1700751157156-500x220.png 500w, https:\/\/latelierdesgourmets.fr\/wp-content\/uploads\/2023\/06\/Design-sans-titre-1-e1700751157156.png 1000w\" sizes=\"(max-width: 300px) 100vw, 300px\" \/><\/p>\n","protected":false},"featured_media":4646,"comment_status":"open","ping_status":"closed","template":"","meta":{"_kadence_starter_templates_imported_post":false,"_kad_post_transparent":"default","_kad_post_title":"","_kad_post_layout":"default","_kad_post_sidebar_id":"","_kad_post_content_style":"default","_kad_post_vertical_padding":"default","_kad_post_feature":"","_kad_post_feature_position":"","_kad_post_header":false,"_kad_post_footer":false},"product_cat":[25],"product_tag":[],"yoast_head":"<!-- This site is optimized with the Yoast SEO plugin v22.8 - https:\/\/yoast.com\/wordpress\/plugins\/seo\/ -->\n<title>Rumsteak -<\/title>\n<meta name=\"robots\" content=\"index, follow, max-snippet:-1, max-image-preview:large, max-video-preview:-1\" \/>\n<link rel=\"canonical\" href=\"https:\/\/latelierdesgourmets.fr\/?product=rumsteak\" \/>\n<meta property=\"og:locale\" content=\"fr_FR\" \/>\n<meta property=\"og:type\" content=\"article\" \/>\n<meta property=\"og:title\" content=\"Rumsteak -\" \/>\n<meta property=\"og:description\" content=\"30,95\u20ac\/kg Rumsteak \u00e0 faire griller d\u2019environ 200gr pi\u00e8ce. Tranche d\u2019environ 200gr pi\u00e8ce, conditionn\u00e9es par 2 soit 400gr ou par 4 soit 800gr.      B\u0153uf H.V.N ( Haute Valeur Naturelle )  Bien-\u00eatre Animal  Origine : France  Cat\u00e9gorie de viande : B\u0153uf  Type de cuisson : A griller  Pi\u00e8ce de : 0,200gr  Conditionnement : Sous-vide par 2 | Sous-vide par 4   Car nos pr\u00e9parations au gramme pr\u00e9s \u00e9tant compliqu\u00e9, le poids pouvant varier de -50gr \u00e0 +50gr. Vous serez par contre factur\u00e9 en fonction du poids exact des produits.\" \/>\n<meta property=\"og:url\" content=\"https:\/\/latelierdesgourmets.fr\/?product=rumsteak\" \/>\n<meta property=\"article:publisher\" content=\"https:\/\/www.facebook.com\/profile.php?id=100090815065027\" \/>\n<meta property=\"article:modified_time\" content=\"2024-01-22T13:04:31+00:00\" \/>\n<meta property=\"og:image\" content=\"https:\/\/latelierdesgourmets.fr\/wp-content\/uploads\/2024\/01\/rumsteck-scaled.jpg\" \/>\n\t<meta property=\"og:image:width\" content=\"2560\" \/>\n\t<meta property=\"og:image:height\" content=\"1707\" \/>\n\t<meta property=\"og:image:type\" content=\"image\/jpeg\" \/>\n<meta name=\"twitter:card\" content=\"summary_large_image\" \/>\n<script type=\"application\/ld+json\" class=\"yoast-schema-graph\">{\"@context\":\"https:\/\/schema.org\",\"@graph\":[{\"@type\":\"WebPage\",\"@id\":\"https:\/\/latelierdesgourmets.fr\/?product=rumsteak\",\"url\":\"https:\/\/latelierdesgourmets.fr\/?product=rumsteak\",\"name\":\"Rumsteak -\",\"isPartOf\":{\"@id\":\"https:\/\/latelierdesgourmets.fr\/#website\"},\"primaryImageOfPage\":{\"@id\":\"https:\/\/latelierdesgourmets.fr\/?product=rumsteak#primaryimage\"},\"image\":{\"@id\":\"https:\/\/latelierdesgourmets.fr\/?product=rumsteak#primaryimage\"},\"thumbnailUrl\":\"https:\/\/latelierdesgourmets.fr\/wp-content\/uploads\/2024\/01\/rumsteck-scaled.jpg\",\"datePublished\":\"2023-06-24T07:48:50+00:00\",\"dateModified\":\"2024-01-22T13:04:31+00:00\",\"breadcrumb\":{\"@id\":\"https:\/\/latelierdesgourmets.fr\/?product=rumsteak#breadcrumb\"},\"inLanguage\":\"fr-FR\",\"potentialAction\":[{\"@type\":\"ReadAction\",\"target\":[\"https:\/\/latelierdesgourmets.fr\/?product=rumsteak\"]}]},{\"@type\":\"ImageObject\",\"inLanguage\":\"fr-FR\",\"@id\":\"https:\/\/latelierdesgourmets.fr\/?product=rumsteak#primaryimage\",\"url\":\"https:\/\/latelierdesgourmets.fr\/wp-content\/uploads\/2024\/01\/rumsteck-scaled.jpg\",\"contentUrl\":\"https:\/\/latelierdesgourmets.fr\/wp-content\/uploads\/2024\/01\/rumsteck-scaled.jpg\",\"width\":2560,\"height\":1707},{\"@type\":\"BreadcrumbList\",\"@id\":\"https:\/\/latelierdesgourmets.fr\/?product=rumsteak#breadcrumb\",\"itemListElement\":[{\"@type\":\"ListItem\",\"position\":1,\"name\":\"Accueil\",\"item\":\"https:\/\/latelierdesgourmets.fr\/\"},{\"@type\":\"ListItem\",\"position\":2,\"name\":\"Boutique\",\"item\":\"https:\/\/latelierdesgourmets.fr\/?page_id=958\"},{\"@type\":\"ListItem\",\"position\":3,\"name\":\"Rumsteak\"}]},{\"@type\":\"WebSite\",\"@id\":\"https:\/\/latelierdesgourmets.fr\/#website\",\"url\":\"https:\/\/latelierdesgourmets.fr\/\",\"name\":\"L'atelier des gourmets\",\"description\":\"\",\"publisher\":{\"@id\":\"https:\/\/latelierdesgourmets.fr\/#organization\"},\"potentialAction\":[{\"@type\":\"SearchAction\",\"target\":{\"@type\":\"EntryPoint\",\"urlTemplate\":\"https:\/\/latelierdesgourmets.fr\/?s={search_term_string}\"},\"query-input\":\"required name=search_term_string\"}],\"inLanguage\":\"fr-FR\"},{\"@type\":\"Organization\",\"@id\":\"https:\/\/latelierdesgourmets.fr\/#organization\",\"name\":\"l'atelier des gourmets\",\"url\":\"https:\/\/latelierdesgourmets.fr\/\",\"logo\":{\"@type\":\"ImageObject\",\"inLanguage\":\"fr-FR\",\"@id\":\"https:\/\/latelierdesgourmets.fr\/#\/schema\/logo\/image\/\",\"url\":\"https:\/\/latelierdesgourmets.fr\/wp-content\/uploads\/2025\/04\/cropped-5.png\",\"contentUrl\":\"https:\/\/latelierdesgourmets.fr\/wp-content\/uploads\/2025\/04\/cropped-5.png\",\"width\":1250,\"height\":293,\"caption\":\"l'atelier des gourmets\"},\"image\":{\"@id\":\"https:\/\/latelierdesgourmets.fr\/#\/schema\/logo\/image\/\"},\"sameAs\":[\"https:\/\/www.facebook.com\/profile.php?id=100090815065027\"]}]}<\/script>\n<!-- \/ Yoast SEO plugin. -->","yoast_head_json":{"title":"Rumsteak -","robots":{"index":"index","follow":"follow","max-snippet":"max-snippet:-1","max-image-preview":"max-image-preview:large","max-video-preview":"max-video-preview:-1"},"canonical":"https:\/\/latelierdesgourmets.fr\/?product=rumsteak","og_locale":"fr_FR","og_type":"article","og_title":"Rumsteak -","og_description":"30,95\u20ac\/kg Rumsteak \u00e0 faire griller d\u2019environ 200gr pi\u00e8ce. Tranche d\u2019environ 200gr pi\u00e8ce, conditionn\u00e9es par 2 soit 400gr ou par 4 soit 800gr.      B\u0153uf H.V.N ( Haute Valeur Naturelle )  Bien-\u00eatre Animal  Origine : France  Cat\u00e9gorie de viande : B\u0153uf  Type de cuisson : A griller  Pi\u00e8ce de : 0,200gr  Conditionnement : Sous-vide par 2 | Sous-vide par 4   Car nos pr\u00e9parations au gramme pr\u00e9s \u00e9tant compliqu\u00e9, le poids pouvant varier de -50gr \u00e0 +50gr. Vous serez par contre factur\u00e9 en fonction du poids exact des produits.","og_url":"https:\/\/latelierdesgourmets.fr\/?product=rumsteak","article_publisher":"https:\/\/www.facebook.com\/profile.php?id=100090815065027","article_modified_time":"2024-01-22T13:04:31+00:00","og_image":[{"width":2560,"height":1707,"url":"https:\/\/latelierdesgourmets.fr\/wp-content\/uploads\/2024\/01\/rumsteck-scaled.jpg","type":"image\/jpeg"}],"twitter_card":"summary_large_image","schema":{"@context":"https:\/\/schema.org","@graph":[{"@type":"WebPage","@id":"https:\/\/latelierdesgourmets.fr\/?product=rumsteak","url":"https:\/\/latelierdesgourmets.fr\/?product=rumsteak","name":"Rumsteak -","isPartOf":{"@id":"https:\/\/latelierdesgourmets.fr\/#website"},"primaryImageOfPage":{"@id":"https:\/\/latelierdesgourmets.fr\/?product=rumsteak#primaryimage"},"image":{"@id":"https:\/\/latelierdesgourmets.fr\/?product=rumsteak#primaryimage"},"thumbnailUrl":"https:\/\/latelierdesgourmets.fr\/wp-content\/uploads\/2024\/01\/rumsteck-scaled.jpg","datePublished":"2023-06-24T07:48:50+00:00","dateModified":"2024-01-22T13:04:31+00:00","breadcrumb":{"@id":"https:\/\/latelierdesgourmets.fr\/?product=rumsteak#breadcrumb"},"inLanguage":"fr-FR","potentialAction":[{"@type":"ReadAction","target":["https:\/\/latelierdesgourmets.fr\/?product=rumsteak"]}]},{"@type":"ImageObject","inLanguage":"fr-FR","@id":"https:\/\/latelierdesgourmets.fr\/?product=rumsteak#primaryimage","url":"https:\/\/latelierdesgourmets.fr\/wp-content\/uploads\/2024\/01\/rumsteck-scaled.jpg","contentUrl":"https:\/\/latelierdesgourmets.fr\/wp-content\/uploads\/2024\/01\/rumsteck-scaled.jpg","width":2560,"height":1707},{"@type":"BreadcrumbList","@id":"https:\/\/latelierdesgourmets.fr\/?product=rumsteak#breadcrumb","itemListElement":[{"@type":"ListItem","position":1,"name":"Accueil","item":"https:\/\/latelierdesgourmets.fr\/"},{"@type":"ListItem","position":2,"name":"Boutique","item":"https:\/\/latelierdesgourmets.fr\/?page_id=958"},{"@type":"ListItem","position":3,"name":"Rumsteak"}]},{"@type":"WebSite","@id":"https:\/\/latelierdesgourmets.fr\/#website","url":"https:\/\/latelierdesgourmets.fr\/","name":"L'atelier des gourmets","description":"","publisher":{"@id":"https:\/\/latelierdesgourmets.fr\/#organization"},"potentialAction":[{"@type":"SearchAction","target":{"@type":"EntryPoint","urlTemplate":"https:\/\/latelierdesgourmets.fr\/?s={search_term_string}"},"query-input":"required name=search_term_string"}],"inLanguage":"fr-FR"},{"@type":"Organization","@id":"https:\/\/latelierdesgourmets.fr\/#organization","name":"l'atelier des gourmets","url":"https:\/\/latelierdesgourmets.fr\/","logo":{"@type":"ImageObject","inLanguage":"fr-FR","@id":"https:\/\/latelierdesgourmets.fr\/#\/schema\/logo\/image\/","url":"https:\/\/latelierdesgourmets.fr\/wp-content\/uploads\/2025\/04\/cropped-5.png","contentUrl":"https:\/\/latelierdesgourmets.fr\/wp-content\/uploads\/2025\/04\/cropped-5.png","width":1250,"height":293,"caption":"l'atelier des gourmets"},"image":{"@id":"https:\/\/latelierdesgourmets.fr\/#\/schema\/logo\/image\/"},"sameAs":["https:\/\/www.facebook.com\/profile.php?id=100090815065027"]}]}},"blog_post_layout_featured_media_urls":{"thumbnail":["https:\/\/latelierdesgourmets.fr\/wp-content\/uploads\/2024\/01\/rumsteck-150x150.jpg",150,150,true],"full":["https:\/\/latelierdesgourmets.fr\/wp-content\/uploads\/2024\/01\/rumsteck-scaled.jpg",2560,1707,false]},"categories":["5"],"categories_names":{"5":{"name":"variable","link":"https:\/\/latelierdesgourmets.fr\/?taxonomy=product_type&term=variable"}},"comments_number":"0","_links":{"self":[{"href":"https:\/\/latelierdesgourmets.fr\/index.php?rest_route=\/wp\/v2\/product\/2008"}],"collection":[{"href":"https:\/\/latelierdesgourmets.fr\/index.php?rest_route=\/wp\/v2\/product"}],"about":[{"href":"https:\/\/latelierdesgourmets.fr\/index.php?rest_route=\/wp\/v2\/types\/product"}],"replies":[{"embeddable":true,"href":"https:\/\/latelierdesgourmets.fr\/index.php?rest_route=%2Fwp%2Fv2%2Fcomments&post=2008"}],"version-history":[{"count":8,"href":"https:\/\/latelierdesgourmets.fr\/index.php?rest_route=\/wp\/v2\/product\/2008\/revisions"}],"predecessor-version":[{"id":4600,"href":"https:\/\/latelierdesgourmets.fr\/index.php?rest_route=\/wp\/v2\/product\/2008\/revisions\/4600"}],"wp:featuredmedia":[{"embeddable":true,"href":"https:\/\/latelierdesgourmets.fr\/index.php?rest_route=\/wp\/v2\/media\/4646"}],"wp:attachment":[{"href":"https:\/\/latelierdesgourmets.fr\/index.php?rest_route=%2Fwp%2Fv2%2Fmedia&parent=2008"}],"wp:term":[{"taxonomy":"product_cat","embeddable":true,"href":"https:\/\/latelierdesgourmets.fr\/index.php?rest_route=%2Fwp%2Fv2%2Fproduct_cat&post=2008"},{"taxonomy":"product_tag","embeddable":true,"href":"https:\/\/latelierdesgourmets.fr\/index.php?rest_route=%2Fwp%2Fv2%2Fproduct_tag&post=2008"}],"curies":[{"name":"wp","href":"https:\/\/api.w.org\/{rel}","templated":true}]}}