{"id":2125,"date":"2023-06-25T08:59:58","date_gmt":"2023-06-25T06:59:58","guid":{"rendered":"https:\/\/latelierdesgourmets.fr\/?post_type=product&#038;p=2125"},"modified":"2024-01-22T14:12:18","modified_gmt":"2024-01-22T13:12:18","slug":"roti-de-porc-echine","status":"publish","type":"product","link":"https:\/\/latelierdesgourmets.fr\/?product=roti-de-porc-echine","title":{"rendered":"Roti de Porc \u00c9chine"},"content":{"rendered":"","protected":false},"excerpt":{"rendered":"<h4><\/h4>\n<h4><span style=\"color: #ff0000;\"><strong>17,95\u20ac\/kg<\/strong><\/span><\/h4>\n<p>Roti de porc \u00e9chine issu de notre porc du Mont Ventoux. Par 500gr ou 1kg.<\/p>\n<hr \/>\n<ul>\n<li><b>Le Cochon du Mont Ventoux<\/b><\/li>\n<li><b>\u00c9lev\u00e9 en Plein Air<\/b><\/li>\n<li><strong>Origine : France<\/strong><\/li>\n<li><strong>Cat\u00e9gorie de viande : Porc<\/strong><\/li>\n<li><strong>Type de cuisson : A rotir<\/strong><\/li>\n<li><strong>Poids :\u00a0 0,500gr | 1kg<\/strong><\/li>\n<li><strong>Conditionnement : Sous-vide<\/strong><\/li>\n<\/ul>\n<hr \/>\n<p><img decoding=\"async\" class=\"alignnone wp-image-1591\" src=\"http:\/\/latelierdesgourmets.fr\/wp-content\/uploads\/2023\/06\/logo-cochon-ventoux.webp\" alt=\"\" width=\"117\" height=\"119\" \/><\/p>\n","protected":false},"featured_media":4639,"comment_status":"open","ping_status":"closed","template":"","meta":{"_kadence_starter_templates_imported_post":false,"_kad_post_transparent":"default","_kad_post_title":"","_kad_post_layout":"default","_kad_post_sidebar_id":"","_kad_post_content_style":"default","_kad_post_vertical_padding":"default","_kad_post_feature":"","_kad_post_feature_position":"","_kad_post_header":false,"_kad_post_footer":false},"product_cat":[28],"product_tag":[],"yoast_head":"<!-- This site is optimized with the Yoast SEO plugin v22.8 - https:\/\/yoast.com\/wordpress\/plugins\/seo\/ -->\n<title>Roti de Porc \u00c9chine -<\/title>\n<meta name=\"robots\" content=\"index, follow, max-snippet:-1, max-image-preview:large, max-video-preview:-1\" \/>\n<link rel=\"canonical\" href=\"https:\/\/latelierdesgourmets.fr\/?product=roti-de-porc-echine\" \/>\n<meta property=\"og:locale\" content=\"fr_FR\" \/>\n<meta property=\"og:type\" content=\"article\" \/>\n<meta property=\"og:title\" content=\"Roti de Porc \u00c9chine -\" \/>\n<meta property=\"og:description\" content=\"17,95\u20ac\/kg Roti de porc \u00e9chine issu de notre porc du Mont Ventoux. Par 500gr ou 1kg.      Le Cochon du Mont Ventoux  \u00c9lev\u00e9 en Plein Air  Origine : France  Cat\u00e9gorie de viande : Porc  Type de cuisson : A rotir  Poids :\u00a0 0,500gr | 1kg  Conditionnement : Sous-vide\" \/>\n<meta property=\"og:url\" content=\"https:\/\/latelierdesgourmets.fr\/?product=roti-de-porc-echine\" \/>\n<meta property=\"article:publisher\" content=\"https:\/\/www.facebook.com\/profile.php?id=100090815065027\" \/>\n<meta property=\"article:modified_time\" content=\"2024-01-22T13:12:18+00:00\" \/>\n<meta property=\"og:image\" content=\"https:\/\/latelierdesgourmets.fr\/wp-content\/uploads\/2024\/01\/roti-echine-scaled.jpg\" \/>\n\t<meta property=\"og:image:width\" content=\"2476\" \/>\n\t<meta property=\"og:image:height\" content=\"2560\" \/>\n\t<meta property=\"og:image:type\" content=\"image\/jpeg\" \/>\n<meta name=\"twitter:card\" content=\"summary_large_image\" \/>\n<script type=\"application\/ld+json\" class=\"yoast-schema-graph\">{\"@context\":\"https:\/\/schema.org\",\"@graph\":[{\"@type\":\"WebPage\",\"@id\":\"https:\/\/latelierdesgourmets.fr\/?product=roti-de-porc-echine\",\"url\":\"https:\/\/latelierdesgourmets.fr\/?product=roti-de-porc-echine\",\"name\":\"Roti de Porc \u00c9chine -\",\"isPartOf\":{\"@id\":\"https:\/\/latelierdesgourmets.fr\/#website\"},\"primaryImageOfPage\":{\"@id\":\"https:\/\/latelierdesgourmets.fr\/?product=roti-de-porc-echine#primaryimage\"},\"image\":{\"@id\":\"https:\/\/latelierdesgourmets.fr\/?product=roti-de-porc-echine#primaryimage\"},\"thumbnailUrl\":\"https:\/\/latelierdesgourmets.fr\/wp-content\/uploads\/2024\/01\/roti-echine-scaled.jpg\",\"datePublished\":\"2023-06-25T06:59:58+00:00\",\"dateModified\":\"2024-01-22T13:12:18+00:00\",\"breadcrumb\":{\"@id\":\"https:\/\/latelierdesgourmets.fr\/?product=roti-de-porc-echine#breadcrumb\"},\"inLanguage\":\"fr-FR\",\"potentialAction\":[{\"@type\":\"ReadAction\",\"target\":[\"https:\/\/latelierdesgourmets.fr\/?product=roti-de-porc-echine\"]}]},{\"@type\":\"ImageObject\",\"inLanguage\":\"fr-FR\",\"@id\":\"https:\/\/latelierdesgourmets.fr\/?product=roti-de-porc-echine#primaryimage\",\"url\":\"https:\/\/latelierdesgourmets.fr\/wp-content\/uploads\/2024\/01\/roti-echine-scaled.jpg\",\"contentUrl\":\"https:\/\/latelierdesgourmets.fr\/wp-content\/uploads\/2024\/01\/roti-echine-scaled.jpg\",\"width\":2476,\"height\":2560},{\"@type\":\"BreadcrumbList\",\"@id\":\"https:\/\/latelierdesgourmets.fr\/?product=roti-de-porc-echine#breadcrumb\",\"itemListElement\":[{\"@type\":\"ListItem\",\"position\":1,\"name\":\"Accueil\",\"item\":\"https:\/\/latelierdesgourmets.fr\/\"},{\"@type\":\"ListItem\",\"position\":2,\"name\":\"Boutique\",\"item\":\"https:\/\/latelierdesgourmets.fr\/?page_id=958\"},{\"@type\":\"ListItem\",\"position\":3,\"name\":\"Roti de Porc \u00c9chine\"}]},{\"@type\":\"WebSite\",\"@id\":\"https:\/\/latelierdesgourmets.fr\/#website\",\"url\":\"https:\/\/latelierdesgourmets.fr\/\",\"name\":\"L'atelier des gourmets\",\"description\":\"\",\"publisher\":{\"@id\":\"https:\/\/latelierdesgourmets.fr\/#organization\"},\"potentialAction\":[{\"@type\":\"SearchAction\",\"target\":{\"@type\":\"EntryPoint\",\"urlTemplate\":\"https:\/\/latelierdesgourmets.fr\/?s={search_term_string}\"},\"query-input\":\"required name=search_term_string\"}],\"inLanguage\":\"fr-FR\"},{\"@type\":\"Organization\",\"@id\":\"https:\/\/latelierdesgourmets.fr\/#organization\",\"name\":\"l'atelier des gourmets\",\"url\":\"https:\/\/latelierdesgourmets.fr\/\",\"logo\":{\"@type\":\"ImageObject\",\"inLanguage\":\"fr-FR\",\"@id\":\"https:\/\/latelierdesgourmets.fr\/#\/schema\/logo\/image\/\",\"url\":\"https:\/\/latelierdesgourmets.fr\/wp-content\/uploads\/2025\/04\/cropped-5.png\",\"contentUrl\":\"https:\/\/latelierdesgourmets.fr\/wp-content\/uploads\/2025\/04\/cropped-5.png\",\"width\":1250,\"height\":293,\"caption\":\"l'atelier des gourmets\"},\"image\":{\"@id\":\"https:\/\/latelierdesgourmets.fr\/#\/schema\/logo\/image\/\"},\"sameAs\":[\"https:\/\/www.facebook.com\/profile.php?id=100090815065027\"]}]}<\/script>\n<!-- \/ Yoast SEO plugin. -->","yoast_head_json":{"title":"Roti de Porc \u00c9chine -","robots":{"index":"index","follow":"follow","max-snippet":"max-snippet:-1","max-image-preview":"max-image-preview:large","max-video-preview":"max-video-preview:-1"},"canonical":"https:\/\/latelierdesgourmets.fr\/?product=roti-de-porc-echine","og_locale":"fr_FR","og_type":"article","og_title":"Roti de Porc \u00c9chine -","og_description":"17,95\u20ac\/kg Roti de porc \u00e9chine issu de notre porc du Mont Ventoux. Par 500gr ou 1kg.      Le Cochon du Mont Ventoux  \u00c9lev\u00e9 en Plein Air  Origine : France  Cat\u00e9gorie de viande : Porc  Type de cuisson : A rotir  Poids :\u00a0 0,500gr | 1kg  Conditionnement : Sous-vide","og_url":"https:\/\/latelierdesgourmets.fr\/?product=roti-de-porc-echine","article_publisher":"https:\/\/www.facebook.com\/profile.php?id=100090815065027","article_modified_time":"2024-01-22T13:12:18+00:00","og_image":[{"width":2476,"height":2560,"url":"https:\/\/latelierdesgourmets.fr\/wp-content\/uploads\/2024\/01\/roti-echine-scaled.jpg","type":"image\/jpeg"}],"twitter_card":"summary_large_image","schema":{"@context":"https:\/\/schema.org","@graph":[{"@type":"WebPage","@id":"https:\/\/latelierdesgourmets.fr\/?product=roti-de-porc-echine","url":"https:\/\/latelierdesgourmets.fr\/?product=roti-de-porc-echine","name":"Roti de Porc \u00c9chine -","isPartOf":{"@id":"https:\/\/latelierdesgourmets.fr\/#website"},"primaryImageOfPage":{"@id":"https:\/\/latelierdesgourmets.fr\/?product=roti-de-porc-echine#primaryimage"},"image":{"@id":"https:\/\/latelierdesgourmets.fr\/?product=roti-de-porc-echine#primaryimage"},"thumbnailUrl":"https:\/\/latelierdesgourmets.fr\/wp-content\/uploads\/2024\/01\/roti-echine-scaled.jpg","datePublished":"2023-06-25T06:59:58+00:00","dateModified":"2024-01-22T13:12:18+00:00","breadcrumb":{"@id":"https:\/\/latelierdesgourmets.fr\/?product=roti-de-porc-echine#breadcrumb"},"inLanguage":"fr-FR","potentialAction":[{"@type":"ReadAction","target":["https:\/\/latelierdesgourmets.fr\/?product=roti-de-porc-echine"]}]},{"@type":"ImageObject","inLanguage":"fr-FR","@id":"https:\/\/latelierdesgourmets.fr\/?product=roti-de-porc-echine#primaryimage","url":"https:\/\/latelierdesgourmets.fr\/wp-content\/uploads\/2024\/01\/roti-echine-scaled.jpg","contentUrl":"https:\/\/latelierdesgourmets.fr\/wp-content\/uploads\/2024\/01\/roti-echine-scaled.jpg","width":2476,"height":2560},{"@type":"BreadcrumbList","@id":"https:\/\/latelierdesgourmets.fr\/?product=roti-de-porc-echine#breadcrumb","itemListElement":[{"@type":"ListItem","position":1,"name":"Accueil","item":"https:\/\/latelierdesgourmets.fr\/"},{"@type":"ListItem","position":2,"name":"Boutique","item":"https:\/\/latelierdesgourmets.fr\/?page_id=958"},{"@type":"ListItem","position":3,"name":"Roti de Porc \u00c9chine"}]},{"@type":"WebSite","@id":"https:\/\/latelierdesgourmets.fr\/#website","url":"https:\/\/latelierdesgourmets.fr\/","name":"L'atelier des gourmets","description":"","publisher":{"@id":"https:\/\/latelierdesgourmets.fr\/#organization"},"potentialAction":[{"@type":"SearchAction","target":{"@type":"EntryPoint","urlTemplate":"https:\/\/latelierdesgourmets.fr\/?s={search_term_string}"},"query-input":"required name=search_term_string"}],"inLanguage":"fr-FR"},{"@type":"Organization","@id":"https:\/\/latelierdesgourmets.fr\/#organization","name":"l'atelier des gourmets","url":"https:\/\/latelierdesgourmets.fr\/","logo":{"@type":"ImageObject","inLanguage":"fr-FR","@id":"https:\/\/latelierdesgourmets.fr\/#\/schema\/logo\/image\/","url":"https:\/\/latelierdesgourmets.fr\/wp-content\/uploads\/2025\/04\/cropped-5.png","contentUrl":"https:\/\/latelierdesgourmets.fr\/wp-content\/uploads\/2025\/04\/cropped-5.png","width":1250,"height":293,"caption":"l'atelier des gourmets"},"image":{"@id":"https:\/\/latelierdesgourmets.fr\/#\/schema\/logo\/image\/"},"sameAs":["https:\/\/www.facebook.com\/profile.php?id=100090815065027"]}]}},"blog_post_layout_featured_media_urls":{"thumbnail":["https:\/\/latelierdesgourmets.fr\/wp-content\/uploads\/2024\/01\/roti-echine-150x150.jpg",150,150,true],"full":["https:\/\/latelierdesgourmets.fr\/wp-content\/uploads\/2024\/01\/roti-echine-scaled.jpg",2476,2560,false]},"categories":["5"],"categories_names":{"5":{"name":"variable","link":"https:\/\/latelierdesgourmets.fr\/?taxonomy=product_type&term=variable"}},"comments_number":"0","_links":{"self":[{"href":"https:\/\/latelierdesgourmets.fr\/index.php?rest_route=\/wp\/v2\/product\/2125"}],"collection":[{"href":"https:\/\/latelierdesgourmets.fr\/index.php?rest_route=\/wp\/v2\/product"}],"about":[{"href":"https:\/\/latelierdesgourmets.fr\/index.php?rest_route=\/wp\/v2\/types\/product"}],"replies":[{"embeddable":true,"href":"https:\/\/latelierdesgourmets.fr\/index.php?rest_route=%2Fwp%2Fv2%2Fcomments&post=2125"}],"version-history":[{"count":3,"href":"https:\/\/latelierdesgourmets.fr\/index.php?rest_route=\/wp\/v2\/product\/2125\/revisions"}],"predecessor-version":[{"id":4085,"href":"https:\/\/latelierdesgourmets.fr\/index.php?rest_route=\/wp\/v2\/product\/2125\/revisions\/4085"}],"wp:featuredmedia":[{"embeddable":true,"href":"https:\/\/latelierdesgourmets.fr\/index.php?rest_route=\/wp\/v2\/media\/4639"}],"wp:attachment":[{"href":"https:\/\/latelierdesgourmets.fr\/index.php?rest_route=%2Fwp%2Fv2%2Fmedia&parent=2125"}],"wp:term":[{"taxonomy":"product_cat","embeddable":true,"href":"https:\/\/latelierdesgourmets.fr\/index.php?rest_route=%2Fwp%2Fv2%2Fproduct_cat&post=2125"},{"taxonomy":"product_tag","embeddable":true,"href":"https:\/\/latelierdesgourmets.fr\/index.php?rest_route=%2Fwp%2Fv2%2Fproduct_tag&post=2125"}],"curies":[{"name":"wp","href":"https:\/\/api.w.org\/{rel}","templated":true}]}}