{"id":2201,"date":"2023-06-25T10:41:53","date_gmt":"2023-06-25T08:41:53","guid":{"rendered":"https:\/\/latelierdesgourmets.fr\/?post_type=product&#038;p=2201"},"modified":"2023-09-13T14:36:46","modified_gmt":"2023-09-13T12:36:46","slug":"andouillette-provencale-5a","status":"publish","type":"product","link":"https:\/\/latelierdesgourmets.fr\/?product=andouillette-provencale-5a","title":{"rendered":"Andouillette Proven\u00e7ale 5A"},"content":{"rendered":"","protected":false},"excerpt":{"rendered":"<h4><\/h4>\n<h4><span style=\"color: #ff0000;\"><strong>25,95\u20ac\/kg<\/strong><\/span><\/h4>\n<p>Andouillette Proven\u00e7ale 5A de la maison Filli\u00e8re, Andouillette d\u2019environ 220gr pi\u00e8ce, conditionn\u00e9es par 2 soit 440gr.<\/p>\n<hr \/>\n<ul>\n<li><b>Fabrication Artisanal<br \/>\n<\/b><\/li>\n<li><strong>Origine : France<\/strong><\/li>\n<li><strong>Cat\u00e9gorie de viande : Porc<\/strong><\/li>\n<li><strong>Type de cuisson : A griller<br \/>\n<\/strong><\/li>\n<li><strong>Poids :\u00a0 220gr<br \/>\n<\/strong><\/li>\n<li><strong>Conditionnement : Sous-vide par 2<br \/>\n<\/strong><\/li>\n<\/ul>\n<hr \/>\n<p><strong>11,41\u20ac \/ La poche sous vide de 440gr d&#8217;andouillette (env.)<\/strong><\/p>\n","protected":false},"featured_media":4118,"comment_status":"open","ping_status":"closed","template":"","meta":{"_kadence_starter_templates_imported_post":false,"_kad_post_transparent":"default","_kad_post_title":"","_kad_post_layout":"default","_kad_post_sidebar_id":"","_kad_post_content_style":"default","_kad_post_vertical_padding":"default","_kad_post_feature":"","_kad_post_feature_position":"","_kad_post_header":false,"_kad_post_footer":false},"product_cat":[58,30],"product_tag":[],"yoast_head":"<!-- This site is optimized with the Yoast SEO plugin v22.8 - https:\/\/yoast.com\/wordpress\/plugins\/seo\/ -->\n<title>Andouillette Proven\u00e7ale 5A -<\/title>\n<meta name=\"robots\" content=\"index, follow, max-snippet:-1, max-image-preview:large, max-video-preview:-1\" \/>\n<link rel=\"canonical\" href=\"https:\/\/latelierdesgourmets.fr\/?product=andouillette-provencale-5a\" \/>\n<meta property=\"og:locale\" content=\"fr_FR\" \/>\n<meta property=\"og:type\" content=\"article\" \/>\n<meta property=\"og:title\" content=\"Andouillette Proven\u00e7ale 5A -\" \/>\n<meta property=\"og:description\" content=\"25,95\u20ac\/kg Andouillette Proven\u00e7ale 5A de la maison Filli\u00e8re, Andouillette d\u2019environ 220gr pi\u00e8ce, conditionn\u00e9es par 2 soit 440gr.      Fabrication Artisanal   Origine : France  Cat\u00e9gorie de viande : Porc  Type de cuisson : A griller   Poids :\u00a0 220gr   Conditionnement : Sous-vide par 2      11,41\u20ac \/ La poche sous vide de 440gr d&#039;andouillette (env.)\" \/>\n<meta property=\"og:url\" content=\"https:\/\/latelierdesgourmets.fr\/?product=andouillette-provencale-5a\" \/>\n<meta property=\"article:publisher\" content=\"https:\/\/www.facebook.com\/profile.php?id=100090815065027\" \/>\n<meta property=\"article:modified_time\" content=\"2023-09-13T12:36:46+00:00\" \/>\n<meta property=\"og:image\" content=\"https:\/\/latelierdesgourmets.fr\/wp-content\/uploads\/2023\/06\/DSC_7853.jpg\" \/>\n\t<meta property=\"og:image:width\" content=\"2048\" \/>\n\t<meta property=\"og:image:height\" content=\"1365\" \/>\n\t<meta property=\"og:image:type\" content=\"image\/jpeg\" \/>\n<meta name=\"twitter:card\" content=\"summary_large_image\" \/>\n<script type=\"application\/ld+json\" class=\"yoast-schema-graph\">{\"@context\":\"https:\/\/schema.org\",\"@graph\":[{\"@type\":\"WebPage\",\"@id\":\"https:\/\/latelierdesgourmets.fr\/?product=andouillette-provencale-5a\",\"url\":\"https:\/\/latelierdesgourmets.fr\/?product=andouillette-provencale-5a\",\"name\":\"Andouillette Proven\u00e7ale 5A -\",\"isPartOf\":{\"@id\":\"https:\/\/latelierdesgourmets.fr\/#website\"},\"primaryImageOfPage\":{\"@id\":\"https:\/\/latelierdesgourmets.fr\/?product=andouillette-provencale-5a#primaryimage\"},\"image\":{\"@id\":\"https:\/\/latelierdesgourmets.fr\/?product=andouillette-provencale-5a#primaryimage\"},\"thumbnailUrl\":\"https:\/\/latelierdesgourmets.fr\/wp-content\/uploads\/2023\/06\/DSC_7853.jpg\",\"datePublished\":\"2023-06-25T08:41:53+00:00\",\"dateModified\":\"2023-09-13T12:36:46+00:00\",\"breadcrumb\":{\"@id\":\"https:\/\/latelierdesgourmets.fr\/?product=andouillette-provencale-5a#breadcrumb\"},\"inLanguage\":\"fr-FR\",\"potentialAction\":[{\"@type\":\"ReadAction\",\"target\":[\"https:\/\/latelierdesgourmets.fr\/?product=andouillette-provencale-5a\"]}]},{\"@type\":\"ImageObject\",\"inLanguage\":\"fr-FR\",\"@id\":\"https:\/\/latelierdesgourmets.fr\/?product=andouillette-provencale-5a#primaryimage\",\"url\":\"https:\/\/latelierdesgourmets.fr\/wp-content\/uploads\/2023\/06\/DSC_7853.jpg\",\"contentUrl\":\"https:\/\/latelierdesgourmets.fr\/wp-content\/uploads\/2023\/06\/DSC_7853.jpg\",\"width\":2048,\"height\":1365},{\"@type\":\"BreadcrumbList\",\"@id\":\"https:\/\/latelierdesgourmets.fr\/?product=andouillette-provencale-5a#breadcrumb\",\"itemListElement\":[{\"@type\":\"ListItem\",\"position\":1,\"name\":\"Accueil\",\"item\":\"https:\/\/latelierdesgourmets.fr\/\"},{\"@type\":\"ListItem\",\"position\":2,\"name\":\"Boutique\",\"item\":\"https:\/\/latelierdesgourmets.fr\/?page_id=958\"},{\"@type\":\"ListItem\",\"position\":3,\"name\":\"Andouillette Proven\u00e7ale 5A\"}]},{\"@type\":\"WebSite\",\"@id\":\"https:\/\/latelierdesgourmets.fr\/#website\",\"url\":\"https:\/\/latelierdesgourmets.fr\/\",\"name\":\"L'atelier des gourmets\",\"description\":\"\",\"publisher\":{\"@id\":\"https:\/\/latelierdesgourmets.fr\/#organization\"},\"potentialAction\":[{\"@type\":\"SearchAction\",\"target\":{\"@type\":\"EntryPoint\",\"urlTemplate\":\"https:\/\/latelierdesgourmets.fr\/?s={search_term_string}\"},\"query-input\":\"required name=search_term_string\"}],\"inLanguage\":\"fr-FR\"},{\"@type\":\"Organization\",\"@id\":\"https:\/\/latelierdesgourmets.fr\/#organization\",\"name\":\"l'atelier des gourmets\",\"url\":\"https:\/\/latelierdesgourmets.fr\/\",\"logo\":{\"@type\":\"ImageObject\",\"inLanguage\":\"fr-FR\",\"@id\":\"https:\/\/latelierdesgourmets.fr\/#\/schema\/logo\/image\/\",\"url\":\"https:\/\/latelierdesgourmets.fr\/wp-content\/uploads\/2025\/04\/cropped-5.png\",\"contentUrl\":\"https:\/\/latelierdesgourmets.fr\/wp-content\/uploads\/2025\/04\/cropped-5.png\",\"width\":1250,\"height\":293,\"caption\":\"l'atelier des gourmets\"},\"image\":{\"@id\":\"https:\/\/latelierdesgourmets.fr\/#\/schema\/logo\/image\/\"},\"sameAs\":[\"https:\/\/www.facebook.com\/profile.php?id=100090815065027\"]}]}<\/script>\n<!-- \/ Yoast SEO plugin. -->","yoast_head_json":{"title":"Andouillette Proven\u00e7ale 5A -","robots":{"index":"index","follow":"follow","max-snippet":"max-snippet:-1","max-image-preview":"max-image-preview:large","max-video-preview":"max-video-preview:-1"},"canonical":"https:\/\/latelierdesgourmets.fr\/?product=andouillette-provencale-5a","og_locale":"fr_FR","og_type":"article","og_title":"Andouillette Proven\u00e7ale 5A -","og_description":"25,95\u20ac\/kg Andouillette Proven\u00e7ale 5A de la maison Filli\u00e8re, Andouillette d\u2019environ 220gr pi\u00e8ce, conditionn\u00e9es par 2 soit 440gr.      Fabrication Artisanal   Origine : France  Cat\u00e9gorie de viande : Porc  Type de cuisson : A griller   Poids :\u00a0 220gr   Conditionnement : Sous-vide par 2      11,41\u20ac \/ La poche sous vide de 440gr d'andouillette (env.)","og_url":"https:\/\/latelierdesgourmets.fr\/?product=andouillette-provencale-5a","article_publisher":"https:\/\/www.facebook.com\/profile.php?id=100090815065027","article_modified_time":"2023-09-13T12:36:46+00:00","og_image":[{"width":2048,"height":1365,"url":"https:\/\/latelierdesgourmets.fr\/wp-content\/uploads\/2023\/06\/DSC_7853.jpg","type":"image\/jpeg"}],"twitter_card":"summary_large_image","schema":{"@context":"https:\/\/schema.org","@graph":[{"@type":"WebPage","@id":"https:\/\/latelierdesgourmets.fr\/?product=andouillette-provencale-5a","url":"https:\/\/latelierdesgourmets.fr\/?product=andouillette-provencale-5a","name":"Andouillette Proven\u00e7ale 5A -","isPartOf":{"@id":"https:\/\/latelierdesgourmets.fr\/#website"},"primaryImageOfPage":{"@id":"https:\/\/latelierdesgourmets.fr\/?product=andouillette-provencale-5a#primaryimage"},"image":{"@id":"https:\/\/latelierdesgourmets.fr\/?product=andouillette-provencale-5a#primaryimage"},"thumbnailUrl":"https:\/\/latelierdesgourmets.fr\/wp-content\/uploads\/2023\/06\/DSC_7853.jpg","datePublished":"2023-06-25T08:41:53+00:00","dateModified":"2023-09-13T12:36:46+00:00","breadcrumb":{"@id":"https:\/\/latelierdesgourmets.fr\/?product=andouillette-provencale-5a#breadcrumb"},"inLanguage":"fr-FR","potentialAction":[{"@type":"ReadAction","target":["https:\/\/latelierdesgourmets.fr\/?product=andouillette-provencale-5a"]}]},{"@type":"ImageObject","inLanguage":"fr-FR","@id":"https:\/\/latelierdesgourmets.fr\/?product=andouillette-provencale-5a#primaryimage","url":"https:\/\/latelierdesgourmets.fr\/wp-content\/uploads\/2023\/06\/DSC_7853.jpg","contentUrl":"https:\/\/latelierdesgourmets.fr\/wp-content\/uploads\/2023\/06\/DSC_7853.jpg","width":2048,"height":1365},{"@type":"BreadcrumbList","@id":"https:\/\/latelierdesgourmets.fr\/?product=andouillette-provencale-5a#breadcrumb","itemListElement":[{"@type":"ListItem","position":1,"name":"Accueil","item":"https:\/\/latelierdesgourmets.fr\/"},{"@type":"ListItem","position":2,"name":"Boutique","item":"https:\/\/latelierdesgourmets.fr\/?page_id=958"},{"@type":"ListItem","position":3,"name":"Andouillette Proven\u00e7ale 5A"}]},{"@type":"WebSite","@id":"https:\/\/latelierdesgourmets.fr\/#website","url":"https:\/\/latelierdesgourmets.fr\/","name":"L'atelier des gourmets","description":"","publisher":{"@id":"https:\/\/latelierdesgourmets.fr\/#organization"},"potentialAction":[{"@type":"SearchAction","target":{"@type":"EntryPoint","urlTemplate":"https:\/\/latelierdesgourmets.fr\/?s={search_term_string}"},"query-input":"required name=search_term_string"}],"inLanguage":"fr-FR"},{"@type":"Organization","@id":"https:\/\/latelierdesgourmets.fr\/#organization","name":"l'atelier des gourmets","url":"https:\/\/latelierdesgourmets.fr\/","logo":{"@type":"ImageObject","inLanguage":"fr-FR","@id":"https:\/\/latelierdesgourmets.fr\/#\/schema\/logo\/image\/","url":"https:\/\/latelierdesgourmets.fr\/wp-content\/uploads\/2025\/04\/cropped-5.png","contentUrl":"https:\/\/latelierdesgourmets.fr\/wp-content\/uploads\/2025\/04\/cropped-5.png","width":1250,"height":293,"caption":"l'atelier des gourmets"},"image":{"@id":"https:\/\/latelierdesgourmets.fr\/#\/schema\/logo\/image\/"},"sameAs":["https:\/\/www.facebook.com\/profile.php?id=100090815065027"]}]}},"blog_post_layout_featured_media_urls":{"thumbnail":["https:\/\/latelierdesgourmets.fr\/wp-content\/uploads\/2023\/06\/DSC_7853-150x150.jpg",150,150,true],"full":["https:\/\/latelierdesgourmets.fr\/wp-content\/uploads\/2023\/06\/DSC_7853.jpg",2048,1365,false]},"categories":["3"],"categories_names":{"3":{"name":"simple","link":"https:\/\/latelierdesgourmets.fr\/?taxonomy=product_type&term=simple"}},"comments_number":"0","_links":{"self":[{"href":"https:\/\/latelierdesgourmets.fr\/index.php?rest_route=\/wp\/v2\/product\/2201"}],"collection":[{"href":"https:\/\/latelierdesgourmets.fr\/index.php?rest_route=\/wp\/v2\/product"}],"about":[{"href":"https:\/\/latelierdesgourmets.fr\/index.php?rest_route=\/wp\/v2\/types\/product"}],"replies":[{"embeddable":true,"href":"https:\/\/latelierdesgourmets.fr\/index.php?rest_route=%2Fwp%2Fv2%2Fcomments&post=2201"}],"version-history":[{"count":3,"href":"https:\/\/latelierdesgourmets.fr\/index.php?rest_route=\/wp\/v2\/product\/2201\/revisions"}],"predecessor-version":[{"id":4121,"href":"https:\/\/latelierdesgourmets.fr\/index.php?rest_route=\/wp\/v2\/product\/2201\/revisions\/4121"}],"wp:featuredmedia":[{"embeddable":true,"href":"https:\/\/latelierdesgourmets.fr\/index.php?rest_route=\/wp\/v2\/media\/4118"}],"wp:attachment":[{"href":"https:\/\/latelierdesgourmets.fr\/index.php?rest_route=%2Fwp%2Fv2%2Fmedia&parent=2201"}],"wp:term":[{"taxonomy":"product_cat","embeddable":true,"href":"https:\/\/latelierdesgourmets.fr\/index.php?rest_route=%2Fwp%2Fv2%2Fproduct_cat&post=2201"},{"taxonomy":"product_tag","embeddable":true,"href":"https:\/\/latelierdesgourmets.fr\/index.php?rest_route=%2Fwp%2Fv2%2Fproduct_tag&post=2201"}],"curies":[{"name":"wp","href":"https:\/\/api.w.org\/{rel}","templated":true}]}}