{"id":2208,"date":"2023-06-25T10:45:55","date_gmt":"2023-06-25T08:45:55","guid":{"rendered":"https:\/\/latelierdesgourmets.fr\/?post_type=product&#038;p=2208"},"modified":"2023-09-12T20:10:32","modified_gmt":"2023-09-12T18:10:32","slug":"brochette-dagneau","status":"publish","type":"product","link":"https:\/\/latelierdesgourmets.fr\/?product=brochette-dagneau","title":{"rendered":"Brochette d&#8217;Agneau"},"content":{"rendered":"","protected":false},"excerpt":{"rendered":"<h4><\/h4>\n<h4><span style=\"color: #ff0000;\"><strong>28,95\u20ac\/kg<\/strong><\/span><\/h4>\n<p>Brochette d&#8217;Agneau des Alpilles d&#8217;environ 150gr pi\u00e8ce, conditionn\u00e9es par 2 soit 300gr.<\/p>\n<hr \/>\n<ul>\n<li><b>Agneau des Alpilles<br \/>\n<\/b><\/li>\n<li><strong><span id=\"productTitle\" class=\"a-size-extra-large celwidget\" data-csa-c-id=\"3p1cxz-tayy5v-w32qy3-5y1nug\" data-cel-widget=\"productTitle\">\u00c9lev\u00e9 <\/span>en pleine nature au coeur des Alpilles<\/strong><\/li>\n<li><strong><span id=\"productTitle\" class=\"a-size-extra-large celwidget\" data-csa-c-id=\"3p1cxz-tayy5v-w32qy3-5y1nug\" data-cel-widget=\"productTitle\">\u00c9lev\u00e9<\/span> sous la m\u00e8re<\/strong><\/li>\n<li><strong>Origine : France<\/strong><\/li>\n<li><strong>Cat\u00e9gorie de viande : Agneau<\/strong><\/li>\n<li><strong>Type de cuisson : A griller<br \/>\n<\/strong><\/li>\n<li><strong>Poids : Env. 300gr<br \/>\n<\/strong><\/li>\n<li><strong>Conditionnement : Sous vide par 2 brochettes<br \/>\n<\/strong><\/li>\n<\/ul>\n<p>Car la pr\u00e9paration de nos viandes au gramme pr\u00e9s \u00e9tant compliqu\u00e9, le poids pouvant varier de -50gr \u00e0 +50gr. Vous serez par contre factur\u00e9 en fonction du poids exact des produits.<\/p>\n<hr \/>\n<p>&nbsp;<\/p>\n<p><strong>8,68\u20ac \/ Les deux brochettes (env.)<\/strong><\/p>\n","protected":false},"featured_media":3948,"comment_status":"open","ping_status":"closed","template":"","meta":{"_kadence_starter_templates_imported_post":false,"_kad_post_transparent":"default","_kad_post_title":"","_kad_post_layout":"default","_kad_post_sidebar_id":"","_kad_post_content_style":"default","_kad_post_vertical_padding":"default","_kad_post_feature":"","_kad_post_feature_position":"","_kad_post_header":false,"_kad_post_footer":false},"product_cat":[27,58,30],"product_tag":[],"yoast_head":"<!-- This site is optimized with the Yoast SEO plugin v22.8 - https:\/\/yoast.com\/wordpress\/plugins\/seo\/ -->\n<title>Brochette d&#039;Agneau -<\/title>\n<meta name=\"robots\" content=\"index, follow, max-snippet:-1, max-image-preview:large, max-video-preview:-1\" \/>\n<link rel=\"canonical\" href=\"https:\/\/latelierdesgourmets.fr\/?product=brochette-dagneau\" \/>\n<meta property=\"og:locale\" content=\"fr_FR\" \/>\n<meta property=\"og:type\" content=\"article\" \/>\n<meta property=\"og:title\" content=\"Brochette d&#039;Agneau -\" \/>\n<meta property=\"og:description\" content=\"28,95\u20ac\/kg Brochette d&#039;Agneau des Alpilles d&#039;environ 150gr pi\u00e8ce, conditionn\u00e9es par 2 soit 300gr.      Agneau des Alpilles   \u00c9lev\u00e9 en pleine nature au coeur des Alpilles  \u00c9lev\u00e9 sous la m\u00e8re  Origine : France  Cat\u00e9gorie de viande : Agneau  Type de cuisson : A griller   Poids : Env. 300gr   Conditionnement : Sous vide par 2 brochettes   Car la pr\u00e9paration de nos viandes au gramme pr\u00e9s \u00e9tant compliqu\u00e9, le poids pouvant varier de -50gr \u00e0 +50gr. Vous serez par contre factur\u00e9 en fonction du poids exact des produits.    &nbsp;  8,68\u20ac \/ Les deux brochettes (env.)\" \/>\n<meta property=\"og:url\" content=\"https:\/\/latelierdesgourmets.fr\/?product=brochette-dagneau\" \/>\n<meta property=\"article:publisher\" content=\"https:\/\/www.facebook.com\/profile.php?id=100090815065027\" \/>\n<meta property=\"article:modified_time\" content=\"2023-09-12T18:10:32+00:00\" \/>\n<meta property=\"og:image\" content=\"https:\/\/latelierdesgourmets.fr\/wp-content\/uploads\/2023\/06\/DSC_8372.jpg\" \/>\n\t<meta property=\"og:image:width\" content=\"2048\" \/>\n\t<meta property=\"og:image:height\" content=\"1365\" \/>\n\t<meta property=\"og:image:type\" content=\"image\/jpeg\" \/>\n<meta name=\"twitter:card\" content=\"summary_large_image\" \/>\n<script type=\"application\/ld+json\" class=\"yoast-schema-graph\">{\"@context\":\"https:\/\/schema.org\",\"@graph\":[{\"@type\":\"WebPage\",\"@id\":\"https:\/\/latelierdesgourmets.fr\/?product=brochette-dagneau\",\"url\":\"https:\/\/latelierdesgourmets.fr\/?product=brochette-dagneau\",\"name\":\"Brochette d'Agneau -\",\"isPartOf\":{\"@id\":\"https:\/\/latelierdesgourmets.fr\/#website\"},\"primaryImageOfPage\":{\"@id\":\"https:\/\/latelierdesgourmets.fr\/?product=brochette-dagneau#primaryimage\"},\"image\":{\"@id\":\"https:\/\/latelierdesgourmets.fr\/?product=brochette-dagneau#primaryimage\"},\"thumbnailUrl\":\"https:\/\/latelierdesgourmets.fr\/wp-content\/uploads\/2023\/06\/DSC_8372.jpg\",\"datePublished\":\"2023-06-25T08:45:55+00:00\",\"dateModified\":\"2023-09-12T18:10:32+00:00\",\"breadcrumb\":{\"@id\":\"https:\/\/latelierdesgourmets.fr\/?product=brochette-dagneau#breadcrumb\"},\"inLanguage\":\"fr-FR\",\"potentialAction\":[{\"@type\":\"ReadAction\",\"target\":[\"https:\/\/latelierdesgourmets.fr\/?product=brochette-dagneau\"]}]},{\"@type\":\"ImageObject\",\"inLanguage\":\"fr-FR\",\"@id\":\"https:\/\/latelierdesgourmets.fr\/?product=brochette-dagneau#primaryimage\",\"url\":\"https:\/\/latelierdesgourmets.fr\/wp-content\/uploads\/2023\/06\/DSC_8372.jpg\",\"contentUrl\":\"https:\/\/latelierdesgourmets.fr\/wp-content\/uploads\/2023\/06\/DSC_8372.jpg\",\"width\":2048,\"height\":1365},{\"@type\":\"BreadcrumbList\",\"@id\":\"https:\/\/latelierdesgourmets.fr\/?product=brochette-dagneau#breadcrumb\",\"itemListElement\":[{\"@type\":\"ListItem\",\"position\":1,\"name\":\"Accueil\",\"item\":\"https:\/\/latelierdesgourmets.fr\/\"},{\"@type\":\"ListItem\",\"position\":2,\"name\":\"Boutique\",\"item\":\"https:\/\/latelierdesgourmets.fr\/?page_id=958\"},{\"@type\":\"ListItem\",\"position\":3,\"name\":\"Brochette d&#8217;Agneau\"}]},{\"@type\":\"WebSite\",\"@id\":\"https:\/\/latelierdesgourmets.fr\/#website\",\"url\":\"https:\/\/latelierdesgourmets.fr\/\",\"name\":\"L'atelier des gourmets\",\"description\":\"\",\"publisher\":{\"@id\":\"https:\/\/latelierdesgourmets.fr\/#organization\"},\"potentialAction\":[{\"@type\":\"SearchAction\",\"target\":{\"@type\":\"EntryPoint\",\"urlTemplate\":\"https:\/\/latelierdesgourmets.fr\/?s={search_term_string}\"},\"query-input\":\"required name=search_term_string\"}],\"inLanguage\":\"fr-FR\"},{\"@type\":\"Organization\",\"@id\":\"https:\/\/latelierdesgourmets.fr\/#organization\",\"name\":\"l'atelier des gourmets\",\"url\":\"https:\/\/latelierdesgourmets.fr\/\",\"logo\":{\"@type\":\"ImageObject\",\"inLanguage\":\"fr-FR\",\"@id\":\"https:\/\/latelierdesgourmets.fr\/#\/schema\/logo\/image\/\",\"url\":\"https:\/\/latelierdesgourmets.fr\/wp-content\/uploads\/2025\/04\/cropped-5.png\",\"contentUrl\":\"https:\/\/latelierdesgourmets.fr\/wp-content\/uploads\/2025\/04\/cropped-5.png\",\"width\":1250,\"height\":293,\"caption\":\"l'atelier des gourmets\"},\"image\":{\"@id\":\"https:\/\/latelierdesgourmets.fr\/#\/schema\/logo\/image\/\"},\"sameAs\":[\"https:\/\/www.facebook.com\/profile.php?id=100090815065027\"]}]}<\/script>\n<!-- \/ Yoast SEO plugin. -->","yoast_head_json":{"title":"Brochette d'Agneau -","robots":{"index":"index","follow":"follow","max-snippet":"max-snippet:-1","max-image-preview":"max-image-preview:large","max-video-preview":"max-video-preview:-1"},"canonical":"https:\/\/latelierdesgourmets.fr\/?product=brochette-dagneau","og_locale":"fr_FR","og_type":"article","og_title":"Brochette d'Agneau -","og_description":"28,95\u20ac\/kg Brochette d'Agneau des Alpilles d'environ 150gr pi\u00e8ce, conditionn\u00e9es par 2 soit 300gr.      Agneau des Alpilles   \u00c9lev\u00e9 en pleine nature au coeur des Alpilles  \u00c9lev\u00e9 sous la m\u00e8re  Origine : France  Cat\u00e9gorie de viande : Agneau  Type de cuisson : A griller   Poids : Env. 300gr   Conditionnement : Sous vide par 2 brochettes   Car la pr\u00e9paration de nos viandes au gramme pr\u00e9s \u00e9tant compliqu\u00e9, le poids pouvant varier de -50gr \u00e0 +50gr. Vous serez par contre factur\u00e9 en fonction du poids exact des produits.    &nbsp;  8,68\u20ac \/ Les deux brochettes (env.)","og_url":"https:\/\/latelierdesgourmets.fr\/?product=brochette-dagneau","article_publisher":"https:\/\/www.facebook.com\/profile.php?id=100090815065027","article_modified_time":"2023-09-12T18:10:32+00:00","og_image":[{"width":2048,"height":1365,"url":"https:\/\/latelierdesgourmets.fr\/wp-content\/uploads\/2023\/06\/DSC_8372.jpg","type":"image\/jpeg"}],"twitter_card":"summary_large_image","schema":{"@context":"https:\/\/schema.org","@graph":[{"@type":"WebPage","@id":"https:\/\/latelierdesgourmets.fr\/?product=brochette-dagneau","url":"https:\/\/latelierdesgourmets.fr\/?product=brochette-dagneau","name":"Brochette d'Agneau -","isPartOf":{"@id":"https:\/\/latelierdesgourmets.fr\/#website"},"primaryImageOfPage":{"@id":"https:\/\/latelierdesgourmets.fr\/?product=brochette-dagneau#primaryimage"},"image":{"@id":"https:\/\/latelierdesgourmets.fr\/?product=brochette-dagneau#primaryimage"},"thumbnailUrl":"https:\/\/latelierdesgourmets.fr\/wp-content\/uploads\/2023\/06\/DSC_8372.jpg","datePublished":"2023-06-25T08:45:55+00:00","dateModified":"2023-09-12T18:10:32+00:00","breadcrumb":{"@id":"https:\/\/latelierdesgourmets.fr\/?product=brochette-dagneau#breadcrumb"},"inLanguage":"fr-FR","potentialAction":[{"@type":"ReadAction","target":["https:\/\/latelierdesgourmets.fr\/?product=brochette-dagneau"]}]},{"@type":"ImageObject","inLanguage":"fr-FR","@id":"https:\/\/latelierdesgourmets.fr\/?product=brochette-dagneau#primaryimage","url":"https:\/\/latelierdesgourmets.fr\/wp-content\/uploads\/2023\/06\/DSC_8372.jpg","contentUrl":"https:\/\/latelierdesgourmets.fr\/wp-content\/uploads\/2023\/06\/DSC_8372.jpg","width":2048,"height":1365},{"@type":"BreadcrumbList","@id":"https:\/\/latelierdesgourmets.fr\/?product=brochette-dagneau#breadcrumb","itemListElement":[{"@type":"ListItem","position":1,"name":"Accueil","item":"https:\/\/latelierdesgourmets.fr\/"},{"@type":"ListItem","position":2,"name":"Boutique","item":"https:\/\/latelierdesgourmets.fr\/?page_id=958"},{"@type":"ListItem","position":3,"name":"Brochette d&#8217;Agneau"}]},{"@type":"WebSite","@id":"https:\/\/latelierdesgourmets.fr\/#website","url":"https:\/\/latelierdesgourmets.fr\/","name":"L'atelier des gourmets","description":"","publisher":{"@id":"https:\/\/latelierdesgourmets.fr\/#organization"},"potentialAction":[{"@type":"SearchAction","target":{"@type":"EntryPoint","urlTemplate":"https:\/\/latelierdesgourmets.fr\/?s={search_term_string}"},"query-input":"required name=search_term_string"}],"inLanguage":"fr-FR"},{"@type":"Organization","@id":"https:\/\/latelierdesgourmets.fr\/#organization","name":"l'atelier des gourmets","url":"https:\/\/latelierdesgourmets.fr\/","logo":{"@type":"ImageObject","inLanguage":"fr-FR","@id":"https:\/\/latelierdesgourmets.fr\/#\/schema\/logo\/image\/","url":"https:\/\/latelierdesgourmets.fr\/wp-content\/uploads\/2025\/04\/cropped-5.png","contentUrl":"https:\/\/latelierdesgourmets.fr\/wp-content\/uploads\/2025\/04\/cropped-5.png","width":1250,"height":293,"caption":"l'atelier des gourmets"},"image":{"@id":"https:\/\/latelierdesgourmets.fr\/#\/schema\/logo\/image\/"},"sameAs":["https:\/\/www.facebook.com\/profile.php?id=100090815065027"]}]}},"blog_post_layout_featured_media_urls":{"thumbnail":["https:\/\/latelierdesgourmets.fr\/wp-content\/uploads\/2023\/06\/DSC_8372-150x150.jpg",150,150,true],"full":["https:\/\/latelierdesgourmets.fr\/wp-content\/uploads\/2023\/06\/DSC_8372.jpg",2048,1365,false]},"categories":["3"],"categories_names":{"3":{"name":"simple","link":"https:\/\/latelierdesgourmets.fr\/?taxonomy=product_type&term=simple"}},"comments_number":"0","_links":{"self":[{"href":"https:\/\/latelierdesgourmets.fr\/index.php?rest_route=\/wp\/v2\/product\/2208"}],"collection":[{"href":"https:\/\/latelierdesgourmets.fr\/index.php?rest_route=\/wp\/v2\/product"}],"about":[{"href":"https:\/\/latelierdesgourmets.fr\/index.php?rest_route=\/wp\/v2\/types\/product"}],"replies":[{"embeddable":true,"href":"https:\/\/latelierdesgourmets.fr\/index.php?rest_route=%2Fwp%2Fv2%2Fcomments&post=2208"}],"version-history":[{"count":4,"href":"https:\/\/latelierdesgourmets.fr\/index.php?rest_route=\/wp\/v2\/product\/2208\/revisions"}],"predecessor-version":[{"id":3928,"href":"https:\/\/latelierdesgourmets.fr\/index.php?rest_route=\/wp\/v2\/product\/2208\/revisions\/3928"}],"wp:featuredmedia":[{"embeddable":true,"href":"https:\/\/latelierdesgourmets.fr\/index.php?rest_route=\/wp\/v2\/media\/3948"}],"wp:attachment":[{"href":"https:\/\/latelierdesgourmets.fr\/index.php?rest_route=%2Fwp%2Fv2%2Fmedia&parent=2208"}],"wp:term":[{"taxonomy":"product_cat","embeddable":true,"href":"https:\/\/latelierdesgourmets.fr\/index.php?rest_route=%2Fwp%2Fv2%2Fproduct_cat&post=2208"},{"taxonomy":"product_tag","embeddable":true,"href":"https:\/\/latelierdesgourmets.fr\/index.php?rest_route=%2Fwp%2Fv2%2Fproduct_tag&post=2208"}],"curies":[{"name":"wp","href":"https:\/\/api.w.org\/{rel}","templated":true}]}}