{"id":2364,"date":"2023-07-01T09:33:04","date_gmt":"2023-07-01T07:33:04","guid":{"rendered":"https:\/\/latelierdesgourmets.fr\/?post_type=product&#038;p=2364"},"modified":"2023-10-07T11:38:22","modified_gmt":"2023-10-07T09:38:22","slug":"ventouxbox","status":"publish","type":"product","link":"https:\/\/latelierdesgourmets.fr\/?product=ventouxbox","title":{"rendered":"Box&#8217; du Mont Ventoux"},"content":{"rendered":"<h2>La <span style=\"color: #ffcc99;\">Vent<\/span>oux&#8217;Box ! La Box porc du Mont-Ventoux<\/h2>\n<hr \/>\n<p><strong><span style=\"color: #ffcc99;\">Cette Box comprend 5 viandes diff\u00e9rentes de Porc, aussi bien \u00e0 griller qu&#8217;\u00e0 mijoter !\u00a0<\/span><\/strong><\/p>\n<p>Existe en 2 tailles diff\u00e9rentes S et M.<\/p>\n<p>Les boxs sont compos\u00e9es de :<\/p>\n<ul>\n<li><strong>Roti Filet<\/strong><\/li>\n<li><b>C\u00f4tes <span style=\"color: #000000;\">Premi\u00e8res<\/span> ou \u00c9chines<\/b><\/li>\n<li><strong>Poitrine Cuite \u00e0 la Sauge<\/strong><\/li>\n<li><strong>Saut\u00e9 \u00e0 Mijoter<\/strong><\/li>\n<li><strong>Saucisson<\/strong><\/li>\n<\/ul>\n<p>Tous nos produits sont conditionn\u00e9s sous vide, permettant une meilleur conservation des produits et une DLC bien plus importante.<\/p>\n<p>Car nos pr\u00e9parations au gramme pr\u00e9s \u00e9tant compliqu\u00e9, le poids pouvant varier de -50gr \u00e0 +50gr. Vous serez par contre factur\u00e9 en fonction du poids exact des produits.<\/p>\n<hr \/>\n<p><img decoding=\"async\" class=\"alignnone wp-image-1591\" src=\"http:\/\/latelierdesgourmets.fr\/wp-content\/uploads\/2023\/06\/logo-cochon-ventoux.webp\" alt=\"\" width=\"117\" height=\"119\" \/><\/p>\n","protected":false},"excerpt":{"rendered":"<p><strong>Disponible en <span style=\"color: #ffcc99;\">S<\/span> |<span style=\"color: #ffcc99;\"> M<\/span><\/strong><\/p>\n<p><strong><span style=\"color: #ffcc99;\">S<\/span> | 17,50\u20ac\/kg<\/strong><\/p>\n<p><strong><span style=\"color: #ffcc99;\">M<\/span> | 15,00\u20ac\/kg<\/strong><\/p>\n<p><strong>Choisissez la taille de votre <span style=\"color: #ffcc99;\">Box<\/span> \u2193<\/strong><\/p>\n","protected":false},"featured_media":2354,"comment_status":"open","ping_status":"closed","template":"","meta":{"_kadence_starter_templates_imported_post":false,"_kad_post_transparent":"default","_kad_post_title":"","_kad_post_layout":"default","_kad_post_sidebar_id":"","_kad_post_content_style":"default","_kad_post_vertical_padding":"default","_kad_post_feature":"","_kad_post_feature_position":"","_kad_post_header":false,"_kad_post_footer":false},"product_cat":[35,28],"product_tag":[],"yoast_head":"<!-- This site is optimized with the Yoast SEO plugin v22.8 - https:\/\/yoast.com\/wordpress\/plugins\/seo\/ -->\n<title>Box&#039; du Mont Ventoux -<\/title>\n<meta name=\"robots\" content=\"index, follow, max-snippet:-1, max-image-preview:large, max-video-preview:-1\" \/>\n<link rel=\"canonical\" href=\"https:\/\/latelierdesgourmets.fr\/?product=ventouxbox\" \/>\n<meta property=\"og:locale\" content=\"fr_FR\" \/>\n<meta property=\"og:type\" content=\"article\" \/>\n<meta property=\"og:title\" content=\"Box&#039; du Mont Ventoux -\" \/>\n<meta property=\"og:description\" content=\"Disponible en S | M  S | 17,50\u20ac\/kg  M | 15,00\u20ac\/kg  Choisissez la taille de votre Box \u2193\" \/>\n<meta property=\"og:url\" content=\"https:\/\/latelierdesgourmets.fr\/?product=ventouxbox\" \/>\n<meta property=\"article:publisher\" content=\"https:\/\/www.facebook.com\/profile.php?id=100090815065027\" \/>\n<meta property=\"article:modified_time\" content=\"2023-10-07T09:38:22+00:00\" \/>\n<meta property=\"og:image\" content=\"https:\/\/latelierdesgourmets.fr\/wp-content\/uploads\/2023\/06\/Design-sans-titre-5-1-1024x1024.png\" \/>\n\t<meta property=\"og:image:width\" content=\"1024\" \/>\n\t<meta property=\"og:image:height\" content=\"1024\" \/>\n\t<meta property=\"og:image:type\" content=\"image\/png\" \/>\n<meta name=\"twitter:card\" content=\"summary_large_image\" \/>\n<script type=\"application\/ld+json\" class=\"yoast-schema-graph\">{\"@context\":\"https:\/\/schema.org\",\"@graph\":[{\"@type\":\"WebPage\",\"@id\":\"https:\/\/latelierdesgourmets.fr\/?product=ventouxbox\",\"url\":\"https:\/\/latelierdesgourmets.fr\/?product=ventouxbox\",\"name\":\"Box' du Mont Ventoux -\",\"isPartOf\":{\"@id\":\"https:\/\/latelierdesgourmets.fr\/#website\"},\"primaryImageOfPage\":{\"@id\":\"https:\/\/latelierdesgourmets.fr\/?product=ventouxbox#primaryimage\"},\"image\":{\"@id\":\"https:\/\/latelierdesgourmets.fr\/?product=ventouxbox#primaryimage\"},\"thumbnailUrl\":\"https:\/\/latelierdesgourmets.fr\/wp-content\/uploads\/2023\/06\/Design-sans-titre-5-1.png\",\"datePublished\":\"2023-07-01T07:33:04+00:00\",\"dateModified\":\"2023-10-07T09:38:22+00:00\",\"breadcrumb\":{\"@id\":\"https:\/\/latelierdesgourmets.fr\/?product=ventouxbox#breadcrumb\"},\"inLanguage\":\"fr-FR\",\"potentialAction\":[{\"@type\":\"ReadAction\",\"target\":[\"https:\/\/latelierdesgourmets.fr\/?product=ventouxbox\"]}]},{\"@type\":\"ImageObject\",\"inLanguage\":\"fr-FR\",\"@id\":\"https:\/\/latelierdesgourmets.fr\/?product=ventouxbox#primaryimage\",\"url\":\"https:\/\/latelierdesgourmets.fr\/wp-content\/uploads\/2023\/06\/Design-sans-titre-5-1.png\",\"contentUrl\":\"https:\/\/latelierdesgourmets.fr\/wp-content\/uploads\/2023\/06\/Design-sans-titre-5-1.png\",\"width\":3375,\"height\":3375,\"caption\":\"-10% sur l'ensemble de nos box Du 15-09-2023 au 15-10-2023\"},{\"@type\":\"BreadcrumbList\",\"@id\":\"https:\/\/latelierdesgourmets.fr\/?product=ventouxbox#breadcrumb\",\"itemListElement\":[{\"@type\":\"ListItem\",\"position\":1,\"name\":\"Accueil\",\"item\":\"https:\/\/latelierdesgourmets.fr\/\"},{\"@type\":\"ListItem\",\"position\":2,\"name\":\"Boutique\",\"item\":\"https:\/\/latelierdesgourmets.fr\/?page_id=958\"},{\"@type\":\"ListItem\",\"position\":3,\"name\":\"Box&#8217; du Mont Ventoux\"}]},{\"@type\":\"WebSite\",\"@id\":\"https:\/\/latelierdesgourmets.fr\/#website\",\"url\":\"https:\/\/latelierdesgourmets.fr\/\",\"name\":\"L'atelier des gourmets\",\"description\":\"\",\"publisher\":{\"@id\":\"https:\/\/latelierdesgourmets.fr\/#organization\"},\"potentialAction\":[{\"@type\":\"SearchAction\",\"target\":{\"@type\":\"EntryPoint\",\"urlTemplate\":\"https:\/\/latelierdesgourmets.fr\/?s={search_term_string}\"},\"query-input\":\"required name=search_term_string\"}],\"inLanguage\":\"fr-FR\"},{\"@type\":\"Organization\",\"@id\":\"https:\/\/latelierdesgourmets.fr\/#organization\",\"name\":\"l'atelier des gourmets\",\"url\":\"https:\/\/latelierdesgourmets.fr\/\",\"logo\":{\"@type\":\"ImageObject\",\"inLanguage\":\"fr-FR\",\"@id\":\"https:\/\/latelierdesgourmets.fr\/#\/schema\/logo\/image\/\",\"url\":\"https:\/\/latelierdesgourmets.fr\/wp-content\/uploads\/2025\/04\/cropped-5.png\",\"contentUrl\":\"https:\/\/latelierdesgourmets.fr\/wp-content\/uploads\/2025\/04\/cropped-5.png\",\"width\":1250,\"height\":293,\"caption\":\"l'atelier des gourmets\"},\"image\":{\"@id\":\"https:\/\/latelierdesgourmets.fr\/#\/schema\/logo\/image\/\"},\"sameAs\":[\"https:\/\/www.facebook.com\/profile.php?id=100090815065027\"]}]}<\/script>\n<!-- \/ Yoast SEO plugin. -->","yoast_head_json":{"title":"Box' du Mont Ventoux -","robots":{"index":"index","follow":"follow","max-snippet":"max-snippet:-1","max-image-preview":"max-image-preview:large","max-video-preview":"max-video-preview:-1"},"canonical":"https:\/\/latelierdesgourmets.fr\/?product=ventouxbox","og_locale":"fr_FR","og_type":"article","og_title":"Box' du Mont Ventoux -","og_description":"Disponible en S | M  S | 17,50\u20ac\/kg  M | 15,00\u20ac\/kg  Choisissez la taille de votre Box \u2193","og_url":"https:\/\/latelierdesgourmets.fr\/?product=ventouxbox","article_publisher":"https:\/\/www.facebook.com\/profile.php?id=100090815065027","article_modified_time":"2023-10-07T09:38:22+00:00","og_image":[{"width":1024,"height":1024,"url":"https:\/\/latelierdesgourmets.fr\/wp-content\/uploads\/2023\/06\/Design-sans-titre-5-1-1024x1024.png","type":"image\/png"}],"twitter_card":"summary_large_image","schema":{"@context":"https:\/\/schema.org","@graph":[{"@type":"WebPage","@id":"https:\/\/latelierdesgourmets.fr\/?product=ventouxbox","url":"https:\/\/latelierdesgourmets.fr\/?product=ventouxbox","name":"Box' du Mont Ventoux -","isPartOf":{"@id":"https:\/\/latelierdesgourmets.fr\/#website"},"primaryImageOfPage":{"@id":"https:\/\/latelierdesgourmets.fr\/?product=ventouxbox#primaryimage"},"image":{"@id":"https:\/\/latelierdesgourmets.fr\/?product=ventouxbox#primaryimage"},"thumbnailUrl":"https:\/\/latelierdesgourmets.fr\/wp-content\/uploads\/2023\/06\/Design-sans-titre-5-1.png","datePublished":"2023-07-01T07:33:04+00:00","dateModified":"2023-10-07T09:38:22+00:00","breadcrumb":{"@id":"https:\/\/latelierdesgourmets.fr\/?product=ventouxbox#breadcrumb"},"inLanguage":"fr-FR","potentialAction":[{"@type":"ReadAction","target":["https:\/\/latelierdesgourmets.fr\/?product=ventouxbox"]}]},{"@type":"ImageObject","inLanguage":"fr-FR","@id":"https:\/\/latelierdesgourmets.fr\/?product=ventouxbox#primaryimage","url":"https:\/\/latelierdesgourmets.fr\/wp-content\/uploads\/2023\/06\/Design-sans-titre-5-1.png","contentUrl":"https:\/\/latelierdesgourmets.fr\/wp-content\/uploads\/2023\/06\/Design-sans-titre-5-1.png","width":3375,"height":3375,"caption":"-10% sur l'ensemble de nos box Du 15-09-2023 au 15-10-2023"},{"@type":"BreadcrumbList","@id":"https:\/\/latelierdesgourmets.fr\/?product=ventouxbox#breadcrumb","itemListElement":[{"@type":"ListItem","position":1,"name":"Accueil","item":"https:\/\/latelierdesgourmets.fr\/"},{"@type":"ListItem","position":2,"name":"Boutique","item":"https:\/\/latelierdesgourmets.fr\/?page_id=958"},{"@type":"ListItem","position":3,"name":"Box&#8217; du Mont Ventoux"}]},{"@type":"WebSite","@id":"https:\/\/latelierdesgourmets.fr\/#website","url":"https:\/\/latelierdesgourmets.fr\/","name":"L'atelier des gourmets","description":"","publisher":{"@id":"https:\/\/latelierdesgourmets.fr\/#organization"},"potentialAction":[{"@type":"SearchAction","target":{"@type":"EntryPoint","urlTemplate":"https:\/\/latelierdesgourmets.fr\/?s={search_term_string}"},"query-input":"required name=search_term_string"}],"inLanguage":"fr-FR"},{"@type":"Organization","@id":"https:\/\/latelierdesgourmets.fr\/#organization","name":"l'atelier des gourmets","url":"https:\/\/latelierdesgourmets.fr\/","logo":{"@type":"ImageObject","inLanguage":"fr-FR","@id":"https:\/\/latelierdesgourmets.fr\/#\/schema\/logo\/image\/","url":"https:\/\/latelierdesgourmets.fr\/wp-content\/uploads\/2025\/04\/cropped-5.png","contentUrl":"https:\/\/latelierdesgourmets.fr\/wp-content\/uploads\/2025\/04\/cropped-5.png","width":1250,"height":293,"caption":"l'atelier des gourmets"},"image":{"@id":"https:\/\/latelierdesgourmets.fr\/#\/schema\/logo\/image\/"},"sameAs":["https:\/\/www.facebook.com\/profile.php?id=100090815065027"]}]}},"blog_post_layout_featured_media_urls":{"thumbnail":["https:\/\/latelierdesgourmets.fr\/wp-content\/uploads\/2023\/06\/Design-sans-titre-5-1-150x150.png",150,150,true],"full":["https:\/\/latelierdesgourmets.fr\/wp-content\/uploads\/2023\/06\/Design-sans-titre-5-1.png",3375,3375,false]},"categories":["5"],"categories_names":{"5":{"name":"variable","link":"https:\/\/latelierdesgourmets.fr\/?taxonomy=product_type&term=variable"}},"comments_number":"0","_links":{"self":[{"href":"https:\/\/latelierdesgourmets.fr\/index.php?rest_route=\/wp\/v2\/product\/2364"}],"collection":[{"href":"https:\/\/latelierdesgourmets.fr\/index.php?rest_route=\/wp\/v2\/product"}],"about":[{"href":"https:\/\/latelierdesgourmets.fr\/index.php?rest_route=\/wp\/v2\/types\/product"}],"replies":[{"embeddable":true,"href":"https:\/\/latelierdesgourmets.fr\/index.php?rest_route=%2Fwp%2Fv2%2Fcomments&post=2364"}],"version-history":[{"count":5,"href":"https:\/\/latelierdesgourmets.fr\/index.php?rest_route=\/wp\/v2\/product\/2364\/revisions"}],"predecessor-version":[{"id":4502,"href":"https:\/\/latelierdesgourmets.fr\/index.php?rest_route=\/wp\/v2\/product\/2364\/revisions\/4502"}],"wp:featuredmedia":[{"embeddable":true,"href":"https:\/\/latelierdesgourmets.fr\/index.php?rest_route=\/wp\/v2\/media\/2354"}],"wp:attachment":[{"href":"https:\/\/latelierdesgourmets.fr\/index.php?rest_route=%2Fwp%2Fv2%2Fmedia&parent=2364"}],"wp:term":[{"taxonomy":"product_cat","embeddable":true,"href":"https:\/\/latelierdesgourmets.fr\/index.php?rest_route=%2Fwp%2Fv2%2Fproduct_cat&post=2364"},{"taxonomy":"product_tag","embeddable":true,"href":"https:\/\/latelierdesgourmets.fr\/index.php?rest_route=%2Fwp%2Fv2%2Fproduct_tag&post=2364"}],"curies":[{"name":"wp","href":"https:\/\/api.w.org\/{rel}","templated":true}]}}