{"id":4305,"date":"2023-09-20T11:55:09","date_gmt":"2023-09-20T09:55:09","guid":{"rendered":"https:\/\/latelierdesgourmets.fr\/?post_type=product&#038;p=4305"},"modified":"2024-01-22T14:09:26","modified_gmt":"2024-01-22T13:09:26","slug":"saucisson-pur-porc-maison-rinjonneau","status":"publish","type":"product","link":"https:\/\/latelierdesgourmets.fr\/?product=saucisson-pur-porc-maison-rinjonneau","title":{"rendered":"Saucisson Pur Porc &#8220;Maison Rinjonneau&#8221;"},"content":{"rendered":"","protected":false},"excerpt":{"rendered":"<h4><\/h4>\n<h4><strong><span style=\"color: #ff0000;\">9,95\u20ac\/Pi\u00e8ce<\/span><br \/>\n<\/strong><\/h4>\n<p>Saucisson Pur Porc de la salaison &#8220;Rinjonneau&#8221;, m\u00e9daill\u00e9 au Mondial du saucisson \u00e0 Vanosc. Saucisson de 300gr environ, vendu \u00e0 la pi\u00e8ce.<\/p>\n<hr \/>\n<ul>\n<li><b>Charcuterie<br \/>\n<\/b><\/li>\n<li><strong>Origine : France<\/strong><\/li>\n<li><strong>Cat\u00e9gorie de viande : Porc<\/strong><\/li>\n<li><strong>Poids : 300gr<\/strong><\/li>\n<li><strong>Conditionnement : Sous-vide<\/strong><\/li>\n<\/ul>\n<hr \/>\n<p>&nbsp;<\/p>\n<h5><strong>\u00a09,95\u20ac \/ le saucisson<br \/>\n<\/strong><\/h5>\n","protected":false},"featured_media":4637,"comment_status":"open","ping_status":"closed","template":"","meta":{"_kadence_starter_templates_imported_post":false,"_kad_post_transparent":"default","_kad_post_title":"","_kad_post_layout":"default","_kad_post_sidebar_id":"","_kad_post_content_style":"default","_kad_post_vertical_padding":"default","_kad_post_feature":"","_kad_post_feature_position":"","_kad_post_header":false,"_kad_post_footer":false},"product_cat":[31],"product_tag":[],"yoast_head":"<!-- This site is optimized with the Yoast SEO plugin v22.8 - https:\/\/yoast.com\/wordpress\/plugins\/seo\/ -->\n<title>Saucisson Pur Porc &quot;Maison Rinjonneau&quot; -<\/title>\n<meta name=\"robots\" content=\"index, follow, max-snippet:-1, max-image-preview:large, max-video-preview:-1\" \/>\n<link rel=\"canonical\" href=\"https:\/\/latelierdesgourmets.fr\/?product=saucisson-pur-porc-maison-rinjonneau\" \/>\n<meta property=\"og:locale\" content=\"fr_FR\" \/>\n<meta property=\"og:type\" content=\"article\" \/>\n<meta property=\"og:title\" content=\"Saucisson Pur Porc &quot;Maison Rinjonneau&quot; -\" \/>\n<meta property=\"og:description\" content=\"9,95\u20ac\/Pi\u00e8ce  Saucisson Pur Porc de la salaison &quot;Rinjonneau&quot;, m\u00e9daill\u00e9 au Mondial du saucisson \u00e0 Vanosc. Saucisson de 300gr environ, vendu \u00e0 la pi\u00e8ce.      Charcuterie   Origine : France  Cat\u00e9gorie de viande : Porc  Poids : 300gr  Conditionnement : Sous-vide     &nbsp; \u00a09,95\u20ac \/ le saucisson\" \/>\n<meta property=\"og:url\" content=\"https:\/\/latelierdesgourmets.fr\/?product=saucisson-pur-porc-maison-rinjonneau\" \/>\n<meta property=\"article:publisher\" content=\"https:\/\/www.facebook.com\/profile.php?id=100090815065027\" \/>\n<meta property=\"article:modified_time\" content=\"2024-01-22T13:09:26+00:00\" \/>\n<meta property=\"og:image\" content=\"https:\/\/latelierdesgourmets.fr\/wp-content\/uploads\/2024\/01\/rinjonneau-pur-porc-medaille-scaled.jpg\" \/>\n\t<meta property=\"og:image:width\" content=\"2560\" \/>\n\t<meta property=\"og:image:height\" content=\"1707\" \/>\n\t<meta property=\"og:image:type\" content=\"image\/jpeg\" \/>\n<meta name=\"twitter:card\" content=\"summary_large_image\" \/>\n<script type=\"application\/ld+json\" class=\"yoast-schema-graph\">{\"@context\":\"https:\/\/schema.org\",\"@graph\":[{\"@type\":\"WebPage\",\"@id\":\"https:\/\/latelierdesgourmets.fr\/?product=saucisson-pur-porc-maison-rinjonneau\",\"url\":\"https:\/\/latelierdesgourmets.fr\/?product=saucisson-pur-porc-maison-rinjonneau\",\"name\":\"Saucisson Pur Porc \\\"Maison Rinjonneau\\\" -\",\"isPartOf\":{\"@id\":\"https:\/\/latelierdesgourmets.fr\/#website\"},\"primaryImageOfPage\":{\"@id\":\"https:\/\/latelierdesgourmets.fr\/?product=saucisson-pur-porc-maison-rinjonneau#primaryimage\"},\"image\":{\"@id\":\"https:\/\/latelierdesgourmets.fr\/?product=saucisson-pur-porc-maison-rinjonneau#primaryimage\"},\"thumbnailUrl\":\"https:\/\/latelierdesgourmets.fr\/wp-content\/uploads\/2024\/01\/rinjonneau-pur-porc-medaille-scaled.jpg\",\"datePublished\":\"2023-09-20T09:55:09+00:00\",\"dateModified\":\"2024-01-22T13:09:26+00:00\",\"breadcrumb\":{\"@id\":\"https:\/\/latelierdesgourmets.fr\/?product=saucisson-pur-porc-maison-rinjonneau#breadcrumb\"},\"inLanguage\":\"fr-FR\",\"potentialAction\":[{\"@type\":\"ReadAction\",\"target\":[\"https:\/\/latelierdesgourmets.fr\/?product=saucisson-pur-porc-maison-rinjonneau\"]}]},{\"@type\":\"ImageObject\",\"inLanguage\":\"fr-FR\",\"@id\":\"https:\/\/latelierdesgourmets.fr\/?product=saucisson-pur-porc-maison-rinjonneau#primaryimage\",\"url\":\"https:\/\/latelierdesgourmets.fr\/wp-content\/uploads\/2024\/01\/rinjonneau-pur-porc-medaille-scaled.jpg\",\"contentUrl\":\"https:\/\/latelierdesgourmets.fr\/wp-content\/uploads\/2024\/01\/rinjonneau-pur-porc-medaille-scaled.jpg\",\"width\":2560,\"height\":1707},{\"@type\":\"BreadcrumbList\",\"@id\":\"https:\/\/latelierdesgourmets.fr\/?product=saucisson-pur-porc-maison-rinjonneau#breadcrumb\",\"itemListElement\":[{\"@type\":\"ListItem\",\"position\":1,\"name\":\"Accueil\",\"item\":\"https:\/\/latelierdesgourmets.fr\/\"},{\"@type\":\"ListItem\",\"position\":2,\"name\":\"Boutique\",\"item\":\"https:\/\/latelierdesgourmets.fr\/?page_id=958\"},{\"@type\":\"ListItem\",\"position\":3,\"name\":\"Saucisson Pur Porc &#8220;Maison Rinjonneau&#8221;\"}]},{\"@type\":\"WebSite\",\"@id\":\"https:\/\/latelierdesgourmets.fr\/#website\",\"url\":\"https:\/\/latelierdesgourmets.fr\/\",\"name\":\"L'atelier des gourmets\",\"description\":\"\",\"publisher\":{\"@id\":\"https:\/\/latelierdesgourmets.fr\/#organization\"},\"potentialAction\":[{\"@type\":\"SearchAction\",\"target\":{\"@type\":\"EntryPoint\",\"urlTemplate\":\"https:\/\/latelierdesgourmets.fr\/?s={search_term_string}\"},\"query-input\":\"required name=search_term_string\"}],\"inLanguage\":\"fr-FR\"},{\"@type\":\"Organization\",\"@id\":\"https:\/\/latelierdesgourmets.fr\/#organization\",\"name\":\"l'atelier des gourmets\",\"url\":\"https:\/\/latelierdesgourmets.fr\/\",\"logo\":{\"@type\":\"ImageObject\",\"inLanguage\":\"fr-FR\",\"@id\":\"https:\/\/latelierdesgourmets.fr\/#\/schema\/logo\/image\/\",\"url\":\"https:\/\/latelierdesgourmets.fr\/wp-content\/uploads\/2025\/04\/cropped-5.png\",\"contentUrl\":\"https:\/\/latelierdesgourmets.fr\/wp-content\/uploads\/2025\/04\/cropped-5.png\",\"width\":1250,\"height\":293,\"caption\":\"l'atelier des gourmets\"},\"image\":{\"@id\":\"https:\/\/latelierdesgourmets.fr\/#\/schema\/logo\/image\/\"},\"sameAs\":[\"https:\/\/www.facebook.com\/profile.php?id=100090815065027\"]}]}<\/script>\n<!-- \/ Yoast SEO plugin. -->","yoast_head_json":{"title":"Saucisson Pur Porc \"Maison Rinjonneau\" -","robots":{"index":"index","follow":"follow","max-snippet":"max-snippet:-1","max-image-preview":"max-image-preview:large","max-video-preview":"max-video-preview:-1"},"canonical":"https:\/\/latelierdesgourmets.fr\/?product=saucisson-pur-porc-maison-rinjonneau","og_locale":"fr_FR","og_type":"article","og_title":"Saucisson Pur Porc \"Maison Rinjonneau\" -","og_description":"9,95\u20ac\/Pi\u00e8ce  Saucisson Pur Porc de la salaison \"Rinjonneau\", m\u00e9daill\u00e9 au Mondial du saucisson \u00e0 Vanosc. Saucisson de 300gr environ, vendu \u00e0 la pi\u00e8ce.      Charcuterie   Origine : France  Cat\u00e9gorie de viande : Porc  Poids : 300gr  Conditionnement : Sous-vide     &nbsp; \u00a09,95\u20ac \/ le saucisson","og_url":"https:\/\/latelierdesgourmets.fr\/?product=saucisson-pur-porc-maison-rinjonneau","article_publisher":"https:\/\/www.facebook.com\/profile.php?id=100090815065027","article_modified_time":"2024-01-22T13:09:26+00:00","og_image":[{"width":2560,"height":1707,"url":"https:\/\/latelierdesgourmets.fr\/wp-content\/uploads\/2024\/01\/rinjonneau-pur-porc-medaille-scaled.jpg","type":"image\/jpeg"}],"twitter_card":"summary_large_image","schema":{"@context":"https:\/\/schema.org","@graph":[{"@type":"WebPage","@id":"https:\/\/latelierdesgourmets.fr\/?product=saucisson-pur-porc-maison-rinjonneau","url":"https:\/\/latelierdesgourmets.fr\/?product=saucisson-pur-porc-maison-rinjonneau","name":"Saucisson Pur Porc \"Maison Rinjonneau\" -","isPartOf":{"@id":"https:\/\/latelierdesgourmets.fr\/#website"},"primaryImageOfPage":{"@id":"https:\/\/latelierdesgourmets.fr\/?product=saucisson-pur-porc-maison-rinjonneau#primaryimage"},"image":{"@id":"https:\/\/latelierdesgourmets.fr\/?product=saucisson-pur-porc-maison-rinjonneau#primaryimage"},"thumbnailUrl":"https:\/\/latelierdesgourmets.fr\/wp-content\/uploads\/2024\/01\/rinjonneau-pur-porc-medaille-scaled.jpg","datePublished":"2023-09-20T09:55:09+00:00","dateModified":"2024-01-22T13:09:26+00:00","breadcrumb":{"@id":"https:\/\/latelierdesgourmets.fr\/?product=saucisson-pur-porc-maison-rinjonneau#breadcrumb"},"inLanguage":"fr-FR","potentialAction":[{"@type":"ReadAction","target":["https:\/\/latelierdesgourmets.fr\/?product=saucisson-pur-porc-maison-rinjonneau"]}]},{"@type":"ImageObject","inLanguage":"fr-FR","@id":"https:\/\/latelierdesgourmets.fr\/?product=saucisson-pur-porc-maison-rinjonneau#primaryimage","url":"https:\/\/latelierdesgourmets.fr\/wp-content\/uploads\/2024\/01\/rinjonneau-pur-porc-medaille-scaled.jpg","contentUrl":"https:\/\/latelierdesgourmets.fr\/wp-content\/uploads\/2024\/01\/rinjonneau-pur-porc-medaille-scaled.jpg","width":2560,"height":1707},{"@type":"BreadcrumbList","@id":"https:\/\/latelierdesgourmets.fr\/?product=saucisson-pur-porc-maison-rinjonneau#breadcrumb","itemListElement":[{"@type":"ListItem","position":1,"name":"Accueil","item":"https:\/\/latelierdesgourmets.fr\/"},{"@type":"ListItem","position":2,"name":"Boutique","item":"https:\/\/latelierdesgourmets.fr\/?page_id=958"},{"@type":"ListItem","position":3,"name":"Saucisson Pur Porc &#8220;Maison Rinjonneau&#8221;"}]},{"@type":"WebSite","@id":"https:\/\/latelierdesgourmets.fr\/#website","url":"https:\/\/latelierdesgourmets.fr\/","name":"L'atelier des gourmets","description":"","publisher":{"@id":"https:\/\/latelierdesgourmets.fr\/#organization"},"potentialAction":[{"@type":"SearchAction","target":{"@type":"EntryPoint","urlTemplate":"https:\/\/latelierdesgourmets.fr\/?s={search_term_string}"},"query-input":"required name=search_term_string"}],"inLanguage":"fr-FR"},{"@type":"Organization","@id":"https:\/\/latelierdesgourmets.fr\/#organization","name":"l'atelier des gourmets","url":"https:\/\/latelierdesgourmets.fr\/","logo":{"@type":"ImageObject","inLanguage":"fr-FR","@id":"https:\/\/latelierdesgourmets.fr\/#\/schema\/logo\/image\/","url":"https:\/\/latelierdesgourmets.fr\/wp-content\/uploads\/2025\/04\/cropped-5.png","contentUrl":"https:\/\/latelierdesgourmets.fr\/wp-content\/uploads\/2025\/04\/cropped-5.png","width":1250,"height":293,"caption":"l'atelier des gourmets"},"image":{"@id":"https:\/\/latelierdesgourmets.fr\/#\/schema\/logo\/image\/"},"sameAs":["https:\/\/www.facebook.com\/profile.php?id=100090815065027"]}]}},"blog_post_layout_featured_media_urls":{"thumbnail":["https:\/\/latelierdesgourmets.fr\/wp-content\/uploads\/2024\/01\/rinjonneau-pur-porc-medaille-150x150.jpg",150,150,true],"full":["https:\/\/latelierdesgourmets.fr\/wp-content\/uploads\/2024\/01\/rinjonneau-pur-porc-medaille-scaled.jpg",2560,1707,false]},"categories":["3"],"categories_names":{"3":{"name":"simple","link":"https:\/\/latelierdesgourmets.fr\/?taxonomy=product_type&term=simple"}},"comments_number":"0","_links":{"self":[{"href":"https:\/\/latelierdesgourmets.fr\/index.php?rest_route=\/wp\/v2\/product\/4305"}],"collection":[{"href":"https:\/\/latelierdesgourmets.fr\/index.php?rest_route=\/wp\/v2\/product"}],"about":[{"href":"https:\/\/latelierdesgourmets.fr\/index.php?rest_route=\/wp\/v2\/types\/product"}],"replies":[{"embeddable":true,"href":"https:\/\/latelierdesgourmets.fr\/index.php?rest_route=%2Fwp%2Fv2%2Fcomments&post=4305"}],"version-history":[{"count":4,"href":"https:\/\/latelierdesgourmets.fr\/index.php?rest_route=\/wp\/v2\/product\/4305\/revisions"}],"predecessor-version":[{"id":4589,"href":"https:\/\/latelierdesgourmets.fr\/index.php?rest_route=\/wp\/v2\/product\/4305\/revisions\/4589"}],"wp:featuredmedia":[{"embeddable":true,"href":"https:\/\/latelierdesgourmets.fr\/index.php?rest_route=\/wp\/v2\/media\/4637"}],"wp:attachment":[{"href":"https:\/\/latelierdesgourmets.fr\/index.php?rest_route=%2Fwp%2Fv2%2Fmedia&parent=4305"}],"wp:term":[{"taxonomy":"product_cat","embeddable":true,"href":"https:\/\/latelierdesgourmets.fr\/index.php?rest_route=%2Fwp%2Fv2%2Fproduct_cat&post=4305"},{"taxonomy":"product_tag","embeddable":true,"href":"https:\/\/latelierdesgourmets.fr\/index.php?rest_route=%2Fwp%2Fv2%2Fproduct_tag&post=4305"}],"curies":[{"name":"wp","href":"https:\/\/api.w.org\/{rel}","templated":true}]}}