{"id":4421,"date":"2023-09-25T18:57:51","date_gmt":"2023-09-25T16:57:51","guid":{"rendered":"https:\/\/latelierdesgourmets.fr\/?post_type=product&#038;p=4421"},"modified":"2023-09-25T18:58:03","modified_gmt":"2023-09-25T16:58:03","slug":"planche-charcuterie-6pers","status":"publish","type":"product","link":"https:\/\/latelierdesgourmets.fr\/?product=planche-charcuterie-6pers","title":{"rendered":"Planche Charcuterie 6pers."},"content":{"rendered":"","protected":false},"excerpt":{"rendered":"<h4><strong><span style=\"color: #ff0000;\">29\u20ac\/La Planche<\/span><br \/>\n<\/strong><\/h4>\n<p>Id\u00e9al pour vos ap\u00e9ros ou vos soir\u00e9es raclettes, compos\u00e9e de nos produits signature tel que le Jambon cuit du Mont Ventoux, le Jambon Cru de Bayonne IGP affin\u00e9 12 mois et notre Rosette, Chorizo Lomo et Coppa Artisanale. Planche d&#8217;environ 1kg, soit 4,80\u20ac environ par personne.<\/p>\n<hr \/>\n<ul>\n<li><b>Charcuterie<\/b><\/li>\n<li><strong>Origine : France<\/strong><\/li>\n<li><strong>Cat\u00e9gorie de viande : Porc<\/strong><\/li>\n<li><strong>Poids : 1kg<\/strong><\/li>\n<li><strong>Conditionnement : Sous-vide ou papier<\/strong><\/li>\n<\/ul>\n<hr \/>\n<p>&nbsp;<\/p>\n<h5><strong>\u00a029\u20ac \/ la planche (env.)<\/strong><\/h5>\n","protected":false},"featured_media":4422,"comment_status":"open","ping_status":"closed","template":"","meta":{"_kadence_starter_templates_imported_post":false,"_kad_post_transparent":"default","_kad_post_title":"","_kad_post_layout":"default","_kad_post_sidebar_id":"","_kad_post_content_style":"default","_kad_post_vertical_padding":"default","_kad_post_feature":"","_kad_post_feature_position":"","_kad_post_header":false,"_kad_post_footer":false},"product_cat":[31],"product_tag":[],"yoast_head":"<!-- This site is optimized with the Yoast SEO plugin v22.8 - https:\/\/yoast.com\/wordpress\/plugins\/seo\/ -->\n<title>Planche Charcuterie 6pers. -<\/title>\n<meta name=\"robots\" content=\"index, follow, max-snippet:-1, max-image-preview:large, max-video-preview:-1\" \/>\n<link rel=\"canonical\" href=\"https:\/\/latelierdesgourmets.fr\/?product=planche-charcuterie-6pers\" \/>\n<meta property=\"og:locale\" content=\"fr_FR\" \/>\n<meta property=\"og:type\" content=\"article\" \/>\n<meta property=\"og:title\" content=\"Planche Charcuterie 6pers. -\" \/>\n<meta property=\"og:description\" content=\"29\u20ac\/La Planche  Id\u00e9al pour vos ap\u00e9ros ou vos soir\u00e9es raclettes, compos\u00e9e de nos produits signature tel que le Jambon cuit du Mont Ventoux, le Jambon Cru de Bayonne IGP affin\u00e9 12 mois et notre Rosette, Chorizo Lomo et Coppa Artisanale. Planche d&#039;environ 1kg, soit 4,80\u20ac environ par personne.      Charcuterie  Origine : France  Cat\u00e9gorie de viande : Porc  Poids : 1kg  Conditionnement : Sous-vide ou papier     &nbsp; \u00a029\u20ac \/ la planche (env.)\" \/>\n<meta property=\"og:url\" content=\"https:\/\/latelierdesgourmets.fr\/?product=planche-charcuterie-6pers\" \/>\n<meta property=\"article:publisher\" content=\"https:\/\/www.facebook.com\/profile.php?id=100090815065027\" \/>\n<meta property=\"article:modified_time\" content=\"2023-09-25T16:58:03+00:00\" \/>\n<meta property=\"og:image\" content=\"https:\/\/latelierdesgourmets.fr\/wp-content\/uploads\/2023\/09\/Polish_20230925_184218468-scaled.jpg\" \/>\n\t<meta property=\"og:image:width\" content=\"2560\" \/>\n\t<meta property=\"og:image:height\" content=\"1922\" \/>\n\t<meta property=\"og:image:type\" content=\"image\/jpeg\" \/>\n<meta name=\"twitter:card\" content=\"summary_large_image\" \/>\n<script type=\"application\/ld+json\" class=\"yoast-schema-graph\">{\"@context\":\"https:\/\/schema.org\",\"@graph\":[{\"@type\":\"WebPage\",\"@id\":\"https:\/\/latelierdesgourmets.fr\/?product=planche-charcuterie-6pers\",\"url\":\"https:\/\/latelierdesgourmets.fr\/?product=planche-charcuterie-6pers\",\"name\":\"Planche Charcuterie 6pers. -\",\"isPartOf\":{\"@id\":\"https:\/\/latelierdesgourmets.fr\/#website\"},\"primaryImageOfPage\":{\"@id\":\"https:\/\/latelierdesgourmets.fr\/?product=planche-charcuterie-6pers#primaryimage\"},\"image\":{\"@id\":\"https:\/\/latelierdesgourmets.fr\/?product=planche-charcuterie-6pers#primaryimage\"},\"thumbnailUrl\":\"https:\/\/latelierdesgourmets.fr\/wp-content\/uploads\/2023\/09\/Polish_20230925_184218468-scaled.jpg\",\"datePublished\":\"2023-09-25T16:57:51+00:00\",\"dateModified\":\"2023-09-25T16:58:03+00:00\",\"breadcrumb\":{\"@id\":\"https:\/\/latelierdesgourmets.fr\/?product=planche-charcuterie-6pers#breadcrumb\"},\"inLanguage\":\"fr-FR\",\"potentialAction\":[{\"@type\":\"ReadAction\",\"target\":[\"https:\/\/latelierdesgourmets.fr\/?product=planche-charcuterie-6pers\"]}]},{\"@type\":\"ImageObject\",\"inLanguage\":\"fr-FR\",\"@id\":\"https:\/\/latelierdesgourmets.fr\/?product=planche-charcuterie-6pers#primaryimage\",\"url\":\"https:\/\/latelierdesgourmets.fr\/wp-content\/uploads\/2023\/09\/Polish_20230925_184218468-scaled.jpg\",\"contentUrl\":\"https:\/\/latelierdesgourmets.fr\/wp-content\/uploads\/2023\/09\/Polish_20230925_184218468-scaled.jpg\",\"width\":2560,\"height\":1922},{\"@type\":\"BreadcrumbList\",\"@id\":\"https:\/\/latelierdesgourmets.fr\/?product=planche-charcuterie-6pers#breadcrumb\",\"itemListElement\":[{\"@type\":\"ListItem\",\"position\":1,\"name\":\"Accueil\",\"item\":\"https:\/\/latelierdesgourmets.fr\/\"},{\"@type\":\"ListItem\",\"position\":2,\"name\":\"Boutique\",\"item\":\"https:\/\/latelierdesgourmets.fr\/?page_id=958\"},{\"@type\":\"ListItem\",\"position\":3,\"name\":\"Planche Charcuterie 6pers.\"}]},{\"@type\":\"WebSite\",\"@id\":\"https:\/\/latelierdesgourmets.fr\/#website\",\"url\":\"https:\/\/latelierdesgourmets.fr\/\",\"name\":\"L'atelier des gourmets\",\"description\":\"\",\"publisher\":{\"@id\":\"https:\/\/latelierdesgourmets.fr\/#organization\"},\"potentialAction\":[{\"@type\":\"SearchAction\",\"target\":{\"@type\":\"EntryPoint\",\"urlTemplate\":\"https:\/\/latelierdesgourmets.fr\/?s={search_term_string}\"},\"query-input\":\"required name=search_term_string\"}],\"inLanguage\":\"fr-FR\"},{\"@type\":\"Organization\",\"@id\":\"https:\/\/latelierdesgourmets.fr\/#organization\",\"name\":\"l'atelier des gourmets\",\"url\":\"https:\/\/latelierdesgourmets.fr\/\",\"logo\":{\"@type\":\"ImageObject\",\"inLanguage\":\"fr-FR\",\"@id\":\"https:\/\/latelierdesgourmets.fr\/#\/schema\/logo\/image\/\",\"url\":\"https:\/\/latelierdesgourmets.fr\/wp-content\/uploads\/2025\/04\/cropped-5.png\",\"contentUrl\":\"https:\/\/latelierdesgourmets.fr\/wp-content\/uploads\/2025\/04\/cropped-5.png\",\"width\":1250,\"height\":293,\"caption\":\"l'atelier des gourmets\"},\"image\":{\"@id\":\"https:\/\/latelierdesgourmets.fr\/#\/schema\/logo\/image\/\"},\"sameAs\":[\"https:\/\/www.facebook.com\/profile.php?id=100090815065027\"]}]}<\/script>\n<!-- \/ Yoast SEO plugin. -->","yoast_head_json":{"title":"Planche Charcuterie 6pers. -","robots":{"index":"index","follow":"follow","max-snippet":"max-snippet:-1","max-image-preview":"max-image-preview:large","max-video-preview":"max-video-preview:-1"},"canonical":"https:\/\/latelierdesgourmets.fr\/?product=planche-charcuterie-6pers","og_locale":"fr_FR","og_type":"article","og_title":"Planche Charcuterie 6pers. -","og_description":"29\u20ac\/La Planche  Id\u00e9al pour vos ap\u00e9ros ou vos soir\u00e9es raclettes, compos\u00e9e de nos produits signature tel que le Jambon cuit du Mont Ventoux, le Jambon Cru de Bayonne IGP affin\u00e9 12 mois et notre Rosette, Chorizo Lomo et Coppa Artisanale. Planche d'environ 1kg, soit 4,80\u20ac environ par personne.      Charcuterie  Origine : France  Cat\u00e9gorie de viande : Porc  Poids : 1kg  Conditionnement : Sous-vide ou papier     &nbsp; \u00a029\u20ac \/ la planche (env.)","og_url":"https:\/\/latelierdesgourmets.fr\/?product=planche-charcuterie-6pers","article_publisher":"https:\/\/www.facebook.com\/profile.php?id=100090815065027","article_modified_time":"2023-09-25T16:58:03+00:00","og_image":[{"width":2560,"height":1922,"url":"https:\/\/latelierdesgourmets.fr\/wp-content\/uploads\/2023\/09\/Polish_20230925_184218468-scaled.jpg","type":"image\/jpeg"}],"twitter_card":"summary_large_image","schema":{"@context":"https:\/\/schema.org","@graph":[{"@type":"WebPage","@id":"https:\/\/latelierdesgourmets.fr\/?product=planche-charcuterie-6pers","url":"https:\/\/latelierdesgourmets.fr\/?product=planche-charcuterie-6pers","name":"Planche Charcuterie 6pers. -","isPartOf":{"@id":"https:\/\/latelierdesgourmets.fr\/#website"},"primaryImageOfPage":{"@id":"https:\/\/latelierdesgourmets.fr\/?product=planche-charcuterie-6pers#primaryimage"},"image":{"@id":"https:\/\/latelierdesgourmets.fr\/?product=planche-charcuterie-6pers#primaryimage"},"thumbnailUrl":"https:\/\/latelierdesgourmets.fr\/wp-content\/uploads\/2023\/09\/Polish_20230925_184218468-scaled.jpg","datePublished":"2023-09-25T16:57:51+00:00","dateModified":"2023-09-25T16:58:03+00:00","breadcrumb":{"@id":"https:\/\/latelierdesgourmets.fr\/?product=planche-charcuterie-6pers#breadcrumb"},"inLanguage":"fr-FR","potentialAction":[{"@type":"ReadAction","target":["https:\/\/latelierdesgourmets.fr\/?product=planche-charcuterie-6pers"]}]},{"@type":"ImageObject","inLanguage":"fr-FR","@id":"https:\/\/latelierdesgourmets.fr\/?product=planche-charcuterie-6pers#primaryimage","url":"https:\/\/latelierdesgourmets.fr\/wp-content\/uploads\/2023\/09\/Polish_20230925_184218468-scaled.jpg","contentUrl":"https:\/\/latelierdesgourmets.fr\/wp-content\/uploads\/2023\/09\/Polish_20230925_184218468-scaled.jpg","width":2560,"height":1922},{"@type":"BreadcrumbList","@id":"https:\/\/latelierdesgourmets.fr\/?product=planche-charcuterie-6pers#breadcrumb","itemListElement":[{"@type":"ListItem","position":1,"name":"Accueil","item":"https:\/\/latelierdesgourmets.fr\/"},{"@type":"ListItem","position":2,"name":"Boutique","item":"https:\/\/latelierdesgourmets.fr\/?page_id=958"},{"@type":"ListItem","position":3,"name":"Planche Charcuterie 6pers."}]},{"@type":"WebSite","@id":"https:\/\/latelierdesgourmets.fr\/#website","url":"https:\/\/latelierdesgourmets.fr\/","name":"L'atelier des gourmets","description":"","publisher":{"@id":"https:\/\/latelierdesgourmets.fr\/#organization"},"potentialAction":[{"@type":"SearchAction","target":{"@type":"EntryPoint","urlTemplate":"https:\/\/latelierdesgourmets.fr\/?s={search_term_string}"},"query-input":"required name=search_term_string"}],"inLanguage":"fr-FR"},{"@type":"Organization","@id":"https:\/\/latelierdesgourmets.fr\/#organization","name":"l'atelier des gourmets","url":"https:\/\/latelierdesgourmets.fr\/","logo":{"@type":"ImageObject","inLanguage":"fr-FR","@id":"https:\/\/latelierdesgourmets.fr\/#\/schema\/logo\/image\/","url":"https:\/\/latelierdesgourmets.fr\/wp-content\/uploads\/2025\/04\/cropped-5.png","contentUrl":"https:\/\/latelierdesgourmets.fr\/wp-content\/uploads\/2025\/04\/cropped-5.png","width":1250,"height":293,"caption":"l'atelier des gourmets"},"image":{"@id":"https:\/\/latelierdesgourmets.fr\/#\/schema\/logo\/image\/"},"sameAs":["https:\/\/www.facebook.com\/profile.php?id=100090815065027"]}]}},"blog_post_layout_featured_media_urls":{"thumbnail":["https:\/\/latelierdesgourmets.fr\/wp-content\/uploads\/2023\/09\/Polish_20230925_184218468-150x150.jpg",150,150,true],"full":["https:\/\/latelierdesgourmets.fr\/wp-content\/uploads\/2023\/09\/Polish_20230925_184218468-scaled.jpg",2560,1922,false]},"categories":["3"],"categories_names":{"3":{"name":"simple","link":"https:\/\/latelierdesgourmets.fr\/?taxonomy=product_type&term=simple"}},"comments_number":"0","_links":{"self":[{"href":"https:\/\/latelierdesgourmets.fr\/index.php?rest_route=\/wp\/v2\/product\/4421"}],"collection":[{"href":"https:\/\/latelierdesgourmets.fr\/index.php?rest_route=\/wp\/v2\/product"}],"about":[{"href":"https:\/\/latelierdesgourmets.fr\/index.php?rest_route=\/wp\/v2\/types\/product"}],"replies":[{"embeddable":true,"href":"https:\/\/latelierdesgourmets.fr\/index.php?rest_route=%2Fwp%2Fv2%2Fcomments&post=4421"}],"version-history":[{"count":1,"href":"https:\/\/latelierdesgourmets.fr\/index.php?rest_route=\/wp\/v2\/product\/4421\/revisions"}],"predecessor-version":[{"id":4423,"href":"https:\/\/latelierdesgourmets.fr\/index.php?rest_route=\/wp\/v2\/product\/4421\/revisions\/4423"}],"wp:featuredmedia":[{"embeddable":true,"href":"https:\/\/latelierdesgourmets.fr\/index.php?rest_route=\/wp\/v2\/media\/4422"}],"wp:attachment":[{"href":"https:\/\/latelierdesgourmets.fr\/index.php?rest_route=%2Fwp%2Fv2%2Fmedia&parent=4421"}],"wp:term":[{"taxonomy":"product_cat","embeddable":true,"href":"https:\/\/latelierdesgourmets.fr\/index.php?rest_route=%2Fwp%2Fv2%2Fproduct_cat&post=4421"},{"taxonomy":"product_tag","embeddable":true,"href":"https:\/\/latelierdesgourmets.fr\/index.php?rest_route=%2Fwp%2Fv2%2Fproduct_tag&post=4421"}],"curies":[{"name":"wp","href":"https:\/\/api.w.org\/{rel}","templated":true}]}}