{"id":4499,"date":"2023-10-07T11:34:23","date_gmt":"2023-10-07T09:34:23","guid":{"rendered":"https:\/\/latelierdesgourmets.fr\/?post_type=product&#038;p=4499"},"modified":"2023-11-16T16:55:52","modified_gmt":"2023-11-16T15:55:52","slug":"box-famille","status":"publish","type":"product","link":"https:\/\/latelierdesgourmets.fr\/?product=box-famille","title":{"rendered":"Box&#8217; Famille"},"content":{"rendered":"<h2>La Box <span style=\"color: #ff9900;\">Famille<\/span> !<\/h2>\n<hr \/>\n<p><span style=\"color: #ff9900;\"><strong>Cette Box comprend 4 viandes diff\u00e9rentes , aussi bien \u00e0 griller qu&#8217;\u00e0 r\u00f4tir !\u00a0<\/strong><\/span><\/p>\n<p>La box est compos\u00e9e de :<\/p>\n<ul>\n<li><strong>1 Roti Filet de Porc du Mont Ventoux de 1kg<br \/>\n<\/strong><\/li>\n<li><b>1 Rosbif de B\u0153uf H.V.N de 1kg<br \/>\n<\/b><\/li>\n<li><strong>8 Chipolatas &#8220;Maison&#8221;<\/strong><\/li>\n<li><strong>1 Poulet Fermier &#8220;Plein Air&#8221;<\/strong><\/li>\n<\/ul>\n<p>Tous nos produits sont conditionn\u00e9s sous vide, permettant une meilleur conservation des produits et une DLC bien plus importante.<\/p>\n<p>Car nos pr\u00e9parations au gramme pr\u00e9s \u00e9tant compliqu\u00e9, le poids pouvant varier de -50gr \u00e0 +50gr. Vous serez par contre factur\u00e9 en fonction du poids exact des produits.<\/p>\n<hr \/>\n<p>&nbsp;<\/p>\n","protected":false},"excerpt":{"rendered":"<p><span style=\"color: #ff9900;\"><b>Cette Box est compos\u00e9e de : <\/b><\/span><\/p>\n<ul>\n<li><strong>Roti Filet de Porc du Mont Ventoux<\/strong><\/li>\n<li><b>Rosbif de B\u0153uf H.V.N<\/b><\/li>\n<li><strong>Chipolatas &#8220;Maison&#8221;<\/strong><\/li>\n<li><strong>Poulet Fermier &#8220;Plein Air&#8221;<\/strong><\/li>\n<\/ul>\n<p>D\u2019un poids d\u2019environ 4kg.<\/p>\n<hr \/>\n<p><span style=\"color: #ff9900;\"><strong>69\u20ac \/ La Box Famille<\/strong><\/span><\/p>\n","protected":false},"featured_media":2354,"comment_status":"open","ping_status":"closed","template":"","meta":{"_kadence_starter_templates_imported_post":false,"_kad_post_transparent":"default","_kad_post_title":"","_kad_post_layout":"default","_kad_post_sidebar_id":"","_kad_post_content_style":"default","_kad_post_vertical_padding":"default","_kad_post_feature":"","_kad_post_feature_position":"","_kad_post_header":false,"_kad_post_footer":false},"product_cat":[35],"product_tag":[],"yoast_head":"<!-- This site is optimized with the Yoast SEO plugin v22.8 - https:\/\/yoast.com\/wordpress\/plugins\/seo\/ -->\n<title>Box&#039; Famille -<\/title>\n<meta name=\"robots\" content=\"index, follow, max-snippet:-1, max-image-preview:large, max-video-preview:-1\" \/>\n<link rel=\"canonical\" href=\"https:\/\/latelierdesgourmets.fr\/?product=box-famille\" \/>\n<meta property=\"og:locale\" content=\"fr_FR\" \/>\n<meta property=\"og:type\" content=\"article\" \/>\n<meta property=\"og:title\" content=\"Box&#039; Famille -\" \/>\n<meta property=\"og:description\" content=\"Cette Box est compos\u00e9e de :    Roti Filet de Porc du Mont Ventoux  Rosbif de B\u0153uf H.V.N  Chipolatas &quot;Maison&quot;  Poulet Fermier &quot;Plein Air&quot;  D\u2019un poids d\u2019environ 4kg.    69\u20ac \/ La Box Famille\" \/>\n<meta property=\"og:url\" content=\"https:\/\/latelierdesgourmets.fr\/?product=box-famille\" \/>\n<meta property=\"article:publisher\" content=\"https:\/\/www.facebook.com\/profile.php?id=100090815065027\" \/>\n<meta property=\"article:modified_time\" content=\"2023-11-16T15:55:52+00:00\" \/>\n<meta property=\"og:image\" content=\"https:\/\/latelierdesgourmets.fr\/wp-content\/uploads\/2023\/06\/Design-sans-titre-5-1-1024x1024.png\" \/>\n\t<meta property=\"og:image:width\" content=\"1024\" \/>\n\t<meta property=\"og:image:height\" content=\"1024\" \/>\n\t<meta property=\"og:image:type\" content=\"image\/png\" \/>\n<meta name=\"twitter:card\" content=\"summary_large_image\" \/>\n<script type=\"application\/ld+json\" class=\"yoast-schema-graph\">{\"@context\":\"https:\/\/schema.org\",\"@graph\":[{\"@type\":\"WebPage\",\"@id\":\"https:\/\/latelierdesgourmets.fr\/?product=box-famille\",\"url\":\"https:\/\/latelierdesgourmets.fr\/?product=box-famille\",\"name\":\"Box' Famille -\",\"isPartOf\":{\"@id\":\"https:\/\/latelierdesgourmets.fr\/#website\"},\"primaryImageOfPage\":{\"@id\":\"https:\/\/latelierdesgourmets.fr\/?product=box-famille#primaryimage\"},\"image\":{\"@id\":\"https:\/\/latelierdesgourmets.fr\/?product=box-famille#primaryimage\"},\"thumbnailUrl\":\"https:\/\/latelierdesgourmets.fr\/wp-content\/uploads\/2023\/06\/Design-sans-titre-5-1.png\",\"datePublished\":\"2023-10-07T09:34:23+00:00\",\"dateModified\":\"2023-11-16T15:55:52+00:00\",\"breadcrumb\":{\"@id\":\"https:\/\/latelierdesgourmets.fr\/?product=box-famille#breadcrumb\"},\"inLanguage\":\"fr-FR\",\"potentialAction\":[{\"@type\":\"ReadAction\",\"target\":[\"https:\/\/latelierdesgourmets.fr\/?product=box-famille\"]}]},{\"@type\":\"ImageObject\",\"inLanguage\":\"fr-FR\",\"@id\":\"https:\/\/latelierdesgourmets.fr\/?product=box-famille#primaryimage\",\"url\":\"https:\/\/latelierdesgourmets.fr\/wp-content\/uploads\/2023\/06\/Design-sans-titre-5-1.png\",\"contentUrl\":\"https:\/\/latelierdesgourmets.fr\/wp-content\/uploads\/2023\/06\/Design-sans-titre-5-1.png\",\"width\":3375,\"height\":3375,\"caption\":\"-10% sur l'ensemble de nos box Du 15-09-2023 au 15-10-2023\"},{\"@type\":\"BreadcrumbList\",\"@id\":\"https:\/\/latelierdesgourmets.fr\/?product=box-famille#breadcrumb\",\"itemListElement\":[{\"@type\":\"ListItem\",\"position\":1,\"name\":\"Accueil\",\"item\":\"https:\/\/latelierdesgourmets.fr\/\"},{\"@type\":\"ListItem\",\"position\":2,\"name\":\"Boutique\",\"item\":\"https:\/\/latelierdesgourmets.fr\/?page_id=958\"},{\"@type\":\"ListItem\",\"position\":3,\"name\":\"Box&#8217; Famille\"}]},{\"@type\":\"WebSite\",\"@id\":\"https:\/\/latelierdesgourmets.fr\/#website\",\"url\":\"https:\/\/latelierdesgourmets.fr\/\",\"name\":\"L'atelier des gourmets\",\"description\":\"\",\"publisher\":{\"@id\":\"https:\/\/latelierdesgourmets.fr\/#organization\"},\"potentialAction\":[{\"@type\":\"SearchAction\",\"target\":{\"@type\":\"EntryPoint\",\"urlTemplate\":\"https:\/\/latelierdesgourmets.fr\/?s={search_term_string}\"},\"query-input\":\"required name=search_term_string\"}],\"inLanguage\":\"fr-FR\"},{\"@type\":\"Organization\",\"@id\":\"https:\/\/latelierdesgourmets.fr\/#organization\",\"name\":\"l'atelier des gourmets\",\"url\":\"https:\/\/latelierdesgourmets.fr\/\",\"logo\":{\"@type\":\"ImageObject\",\"inLanguage\":\"fr-FR\",\"@id\":\"https:\/\/latelierdesgourmets.fr\/#\/schema\/logo\/image\/\",\"url\":\"https:\/\/latelierdesgourmets.fr\/wp-content\/uploads\/2025\/04\/cropped-5.png\",\"contentUrl\":\"https:\/\/latelierdesgourmets.fr\/wp-content\/uploads\/2025\/04\/cropped-5.png\",\"width\":1250,\"height\":293,\"caption\":\"l'atelier des gourmets\"},\"image\":{\"@id\":\"https:\/\/latelierdesgourmets.fr\/#\/schema\/logo\/image\/\"},\"sameAs\":[\"https:\/\/www.facebook.com\/profile.php?id=100090815065027\"]}]}<\/script>\n<!-- \/ Yoast SEO plugin. -->","yoast_head_json":{"title":"Box' Famille -","robots":{"index":"index","follow":"follow","max-snippet":"max-snippet:-1","max-image-preview":"max-image-preview:large","max-video-preview":"max-video-preview:-1"},"canonical":"https:\/\/latelierdesgourmets.fr\/?product=box-famille","og_locale":"fr_FR","og_type":"article","og_title":"Box' Famille -","og_description":"Cette Box est compos\u00e9e de :    Roti Filet de Porc du Mont Ventoux  Rosbif de B\u0153uf H.V.N  Chipolatas \"Maison\"  Poulet Fermier \"Plein Air\"  D\u2019un poids d\u2019environ 4kg.    69\u20ac \/ La Box Famille","og_url":"https:\/\/latelierdesgourmets.fr\/?product=box-famille","article_publisher":"https:\/\/www.facebook.com\/profile.php?id=100090815065027","article_modified_time":"2023-11-16T15:55:52+00:00","og_image":[{"width":1024,"height":1024,"url":"https:\/\/latelierdesgourmets.fr\/wp-content\/uploads\/2023\/06\/Design-sans-titre-5-1-1024x1024.png","type":"image\/png"}],"twitter_card":"summary_large_image","schema":{"@context":"https:\/\/schema.org","@graph":[{"@type":"WebPage","@id":"https:\/\/latelierdesgourmets.fr\/?product=box-famille","url":"https:\/\/latelierdesgourmets.fr\/?product=box-famille","name":"Box' Famille -","isPartOf":{"@id":"https:\/\/latelierdesgourmets.fr\/#website"},"primaryImageOfPage":{"@id":"https:\/\/latelierdesgourmets.fr\/?product=box-famille#primaryimage"},"image":{"@id":"https:\/\/latelierdesgourmets.fr\/?product=box-famille#primaryimage"},"thumbnailUrl":"https:\/\/latelierdesgourmets.fr\/wp-content\/uploads\/2023\/06\/Design-sans-titre-5-1.png","datePublished":"2023-10-07T09:34:23+00:00","dateModified":"2023-11-16T15:55:52+00:00","breadcrumb":{"@id":"https:\/\/latelierdesgourmets.fr\/?product=box-famille#breadcrumb"},"inLanguage":"fr-FR","potentialAction":[{"@type":"ReadAction","target":["https:\/\/latelierdesgourmets.fr\/?product=box-famille"]}]},{"@type":"ImageObject","inLanguage":"fr-FR","@id":"https:\/\/latelierdesgourmets.fr\/?product=box-famille#primaryimage","url":"https:\/\/latelierdesgourmets.fr\/wp-content\/uploads\/2023\/06\/Design-sans-titre-5-1.png","contentUrl":"https:\/\/latelierdesgourmets.fr\/wp-content\/uploads\/2023\/06\/Design-sans-titre-5-1.png","width":3375,"height":3375,"caption":"-10% sur l'ensemble de nos box Du 15-09-2023 au 15-10-2023"},{"@type":"BreadcrumbList","@id":"https:\/\/latelierdesgourmets.fr\/?product=box-famille#breadcrumb","itemListElement":[{"@type":"ListItem","position":1,"name":"Accueil","item":"https:\/\/latelierdesgourmets.fr\/"},{"@type":"ListItem","position":2,"name":"Boutique","item":"https:\/\/latelierdesgourmets.fr\/?page_id=958"},{"@type":"ListItem","position":3,"name":"Box&#8217; Famille"}]},{"@type":"WebSite","@id":"https:\/\/latelierdesgourmets.fr\/#website","url":"https:\/\/latelierdesgourmets.fr\/","name":"L'atelier des gourmets","description":"","publisher":{"@id":"https:\/\/latelierdesgourmets.fr\/#organization"},"potentialAction":[{"@type":"SearchAction","target":{"@type":"EntryPoint","urlTemplate":"https:\/\/latelierdesgourmets.fr\/?s={search_term_string}"},"query-input":"required name=search_term_string"}],"inLanguage":"fr-FR"},{"@type":"Organization","@id":"https:\/\/latelierdesgourmets.fr\/#organization","name":"l'atelier des gourmets","url":"https:\/\/latelierdesgourmets.fr\/","logo":{"@type":"ImageObject","inLanguage":"fr-FR","@id":"https:\/\/latelierdesgourmets.fr\/#\/schema\/logo\/image\/","url":"https:\/\/latelierdesgourmets.fr\/wp-content\/uploads\/2025\/04\/cropped-5.png","contentUrl":"https:\/\/latelierdesgourmets.fr\/wp-content\/uploads\/2025\/04\/cropped-5.png","width":1250,"height":293,"caption":"l'atelier des gourmets"},"image":{"@id":"https:\/\/latelierdesgourmets.fr\/#\/schema\/logo\/image\/"},"sameAs":["https:\/\/www.facebook.com\/profile.php?id=100090815065027"]}]}},"blog_post_layout_featured_media_urls":{"thumbnail":["https:\/\/latelierdesgourmets.fr\/wp-content\/uploads\/2023\/06\/Design-sans-titre-5-1-150x150.png",150,150,true],"full":["https:\/\/latelierdesgourmets.fr\/wp-content\/uploads\/2023\/06\/Design-sans-titre-5-1.png",3375,3375,false]},"categories":["3"],"categories_names":{"3":{"name":"simple","link":"https:\/\/latelierdesgourmets.fr\/?taxonomy=product_type&term=simple"}},"comments_number":"0","_links":{"self":[{"href":"https:\/\/latelierdesgourmets.fr\/index.php?rest_route=\/wp\/v2\/product\/4499"}],"collection":[{"href":"https:\/\/latelierdesgourmets.fr\/index.php?rest_route=\/wp\/v2\/product"}],"about":[{"href":"https:\/\/latelierdesgourmets.fr\/index.php?rest_route=\/wp\/v2\/types\/product"}],"replies":[{"embeddable":true,"href":"https:\/\/latelierdesgourmets.fr\/index.php?rest_route=%2Fwp%2Fv2%2Fcomments&post=4499"}],"version-history":[{"count":4,"href":"https:\/\/latelierdesgourmets.fr\/index.php?rest_route=\/wp\/v2\/product\/4499\/revisions"}],"predecessor-version":[{"id":4592,"href":"https:\/\/latelierdesgourmets.fr\/index.php?rest_route=\/wp\/v2\/product\/4499\/revisions\/4592"}],"wp:featuredmedia":[{"embeddable":true,"href":"https:\/\/latelierdesgourmets.fr\/index.php?rest_route=\/wp\/v2\/media\/2354"}],"wp:attachment":[{"href":"https:\/\/latelierdesgourmets.fr\/index.php?rest_route=%2Fwp%2Fv2%2Fmedia&parent=4499"}],"wp:term":[{"taxonomy":"product_cat","embeddable":true,"href":"https:\/\/latelierdesgourmets.fr\/index.php?rest_route=%2Fwp%2Fv2%2Fproduct_cat&post=4499"},{"taxonomy":"product_tag","embeddable":true,"href":"https:\/\/latelierdesgourmets.fr\/index.php?rest_route=%2Fwp%2Fv2%2Fproduct_tag&post=4499"}],"curies":[{"name":"wp","href":"https:\/\/api.w.org\/{rel}","templated":true}]}}